{"id":133,"date":"2019-05-22T14:09:59","date_gmt":"2019-05-22T14:09:59","guid":{"rendered":"https:\/\/angiomedi.com.br\/home\/?page_id=133"},"modified":"2024-02-05T17:30:16","modified_gmt":"2024-02-05T20:30:16","slug":"laser-transdermico-para-vasinhos-de-perna-e-face","status":"publish","type":"page","link":"https:\/\/angiomedi.com.br\/home\/laser-transdermico-para-vasinhos-de-perna-e-face\/","title":{"rendered":"Laser transd\u00e9rmico para vasinhos de perna e face em Bras\u00edlia"},"content":{"rendered":"<section class=\"l-section wpb_row height_large\"><div class=\"l-section-h i-cf\"><div class=\"g-cols vc_row via_flex valign_top type_default stacking_default\"><div class=\"vc_col-sm-12 wpb_column vc_column_container\"><div class=\"vc_column-inner\"><div class=\"wpb_wrapper\"><div class=\"g-cols wpb_row via_flex valign_top type_default stacking_default\"><div class=\"vc_col-sm-12 wpb_column vc_column_container\"><div class=\"vc_column-inner\"><div class=\"wpb_wrapper\"><div class=\"wpb_text_column\"><div class=\"wpb_wrapper\"><h2><b>O que \u00e9?<\/b><\/h2>\n<p><span style=\"font-weight: 400;\">O Laser Transd\u00e9rmico para Vasinhos \u00e9 uma t\u00e9cnica avan\u00e7ada utilizada no tratamento de pequenos vasinhos na pele; este procedimento n\u00e3o invasivo emprega feixes de laser que penetram na camada d\u00e9rmica, visando eliminar os vasinhos de forma eficaz.<\/span><\/p>\n<\/div><\/div><\/div><\/div><\/div><\/div><\/div><\/div><\/div><\/div><\/div><\/section><section class=\"l-section wpb_row height_huge color_alternate\"><div class=\"l-section-h i-cf\"><div class=\"g-cols vc_row via_flex valign_top type_default stacking_default\"><div class=\"vc_col-sm-12 wpb_column vc_column_container\"><div class=\"vc_column-inner\"><div class=\"wpb_wrapper\"><div class=\"g-cols wpb_row via_flex valign_top type_default stacking_default\"><div class=\"vc_col-sm-12 wpb_column vc_column_container\"><div class=\"vc_column-inner\"><div class=\"wpb_wrapper\"><div class=\"wpb_text_column\"><div class=\"wpb_wrapper\"><h2><b>Quais s\u00e3o os benef\u00edcios?<\/b><\/h2>\n<p><i class=\"far fa-circle\"><\/i><span style=\"font-weight: 400;\">Elimina\u00e7\u00e3o precisa de pequenos vasinhos na pele;<br \/>\n<i class=\"far fa-circle\"><\/i><\/span><span style=\"font-weight: 400;\">Procedimento n\u00e3o invasivo, sem necessidade de incis\u00f5es;<br \/>\n<i class=\"far fa-circle\"><\/i><\/span><span style=\"font-weight: 400;\">R\u00e1pida recupera\u00e7\u00e3o e retorno \u00e0s atividades di\u00e1rias;<br \/>\n<i class=\"far fa-circle\"><\/i><\/span><span style=\"font-weight: 400;\">Melhoria est\u00e9tica da pele afetada pelos vasinhos;<br \/>\n<i class=\"far fa-circle\"><\/i><\/span><span style=\"font-weight: 400;\">Minimiza\u00e7\u00e3o de poss\u00edveis efeitos colaterais.<\/span><\/p>\n<\/div><\/div><\/div><\/div><\/div><\/div><\/div><\/div><\/div><\/div><\/div><\/section><section class=\"l-section wpb_row height_huge\"><div class=\"l-section-h i-cf\"><div class=\"g-cols vc_row via_flex valign_top type_default stacking_default\"><div class=\"vc_col-sm-12 wpb_column vc_column_container\"><div class=\"vc_column-inner\"><div class=\"wpb_wrapper\"><div class=\"g-cols wpb_row via_flex valign_top type_default stacking_default\"><div class=\"vc_col-sm-12 wpb_column vc_column_container\"><div class=\"vc_column-inner\"><div class=\"wpb_wrapper\"><div class=\"wpb_text_column\"><div class=\"wpb_wrapper\"><h2><b>Indica\u00e7\u00f5es:<\/b><\/h2>\n<p><i class=\"far fa-circle\"><\/i><span style=\"font-weight: 400;\">Pequenos vasinhos vis\u00edveis na pele;<br \/>\n<i class=\"far fa-circle\"><\/i><\/span><span style=\"font-weight: 400;\">Prefer\u00eancia por procedimentos n\u00e3o invasivos;<br \/>\n<i class=\"far fa-circle\"><\/i><\/span><span style=\"font-weight: 400;\">Pacientes com agenda ativa, buscando recupera\u00e7\u00e3o r\u00e1pida;<br \/>\n<i class=\"far fa-circle\"><\/i><\/span><span style=\"font-weight: 400;\">Melhoria est\u00e9tica da pele afetada pelos vasinhos;<br \/>\n<i class=\"far fa-circle\"><\/i><\/span><span style=\"font-weight: 400;\">Contraindica\u00e7\u00f5es para outros tratamentos mais invasivos.<\/span><\/p>\n<\/div><\/div><\/div><\/div><\/div><\/div><\/div><\/div><\/div><\/div><\/div><\/section>\n","protected":false},"excerpt":{"rendered":"O que \u00e9? O Laser Transd\u00e9rmico para Vasinhos \u00e9 uma t\u00e9cnica avan\u00e7ada utilizada no tratamento de pequenos vasinhos na pele; este procedimento n\u00e3o invasivo emprega feixes de laser que penetram na camada d\u00e9rmica, visando eliminar os vasinhos de forma eficaz. Quais s\u00e3o os benef\u00edcios? Elimina\u00e7\u00e3o precisa de pequenos vasinhos na pele; Procedimento n\u00e3o invasivo, sem...","protected":false},"author":1,"featured_media":28978,"parent":0,"menu_order":0,"comment_status":"closed","ping_status":"closed","template":"","meta":{"footnotes":""},"class_list":["post-133","page","type-page","status-publish","has-post-thumbnail","hentry"],"_links":{"self":[{"href":"https:\/\/angiomedi.com.br\/home\/wp-json\/wp\/v2\/pages\/133","targetHints":{"allow":["GET"]}}],"collection":[{"href":"https:\/\/angiomedi.com.br\/home\/wp-json\/wp\/v2\/pages"}],"about":[{"href":"https:\/\/angiomedi.com.br\/home\/wp-json\/wp\/v2\/types\/page"}],"author":[{"embeddable":true,"href":"https:\/\/angiomedi.com.br\/home\/wp-json\/wp\/v2\/users\/1"}],"replies":[{"embeddable":true,"href":"https:\/\/angiomedi.com.br\/home\/wp-json\/wp\/v2\/comments?post=133"}],"version-history":[{"count":15,"href":"https:\/\/angiomedi.com.br\/home\/wp-json\/wp\/v2\/pages\/133\/revisions"}],"predecessor-version":[{"id":29224,"href":"https:\/\/angiomedi.com.br\/home\/wp-json\/wp\/v2\/pages\/133\/revisions\/29224"}],"wp:featuredmedia":[{"embeddable":true,"href":"https:\/\/angiomedi.com.br\/home\/wp-json\/wp\/v2\/media\/28978"}],"wp:attachment":[{"href":"https:\/\/angiomedi.com.br\/home\/wp-json\/wp\/v2\/media?parent=133"}],"curies":[{"name":"wp","href":"https:\/\/api.w.org\/{rel}","templated":true}]}}