{"id":134,"date":"2019-05-22T14:15:57","date_gmt":"2019-05-22T14:15:57","guid":{"rendered":"https:\/\/angiomedi.com.br\/home\/?page_id=134"},"modified":"2024-02-05T17:35:04","modified_gmt":"2024-02-05T20:35:04","slug":"tratamento-cirurgico-das-varizes","status":"publish","type":"page","link":"https:\/\/angiomedi.com.br\/home\/tratamento-cirurgico-das-varizes\/","title":{"rendered":"Tratamento cir\u00fargico das varizes em Bras\u00edlia"},"content":{"rendered":"<section class=\"l-section wpb_row height_large\"><div class=\"l-section-h i-cf\"><div class=\"g-cols vc_row via_flex valign_top type_default stacking_default\"><div class=\"vc_col-sm-12 wpb_column vc_column_container\"><div class=\"vc_column-inner\"><div class=\"wpb_wrapper\"><div class=\"g-cols wpb_row via_flex valign_top type_default stacking_default\"><div class=\"vc_col-sm-12 wpb_column vc_column_container\"><div class=\"vc_column-inner\"><div class=\"wpb_wrapper\"><div class=\"wpb_text_column\"><div class=\"wpb_wrapper\"><h2><b>O que \u00e9?<\/b><\/h2>\n<p><span style=\"font-weight: 400;\">O Tratamento Cir\u00fargico das Varizes \u00e9 uma interven\u00e7\u00e3o m\u00e9dica que visa a remo\u00e7\u00e3o ou corre\u00e7\u00e3o de veias varicosas atrav\u00e9s de procedimentos cir\u00fargicos; esta abordagem \u00e9 frequentemente recomendada para casos mais avan\u00e7ados ou quando outros m\u00e9todos menos invasivos n\u00e3o s\u00e3o adequados.<\/span><\/p>\n<\/div><\/div><\/div><\/div><\/div><\/div><\/div><\/div><\/div><\/div><\/div><\/section><section class=\"l-section wpb_row height_huge color_alternate\"><div class=\"l-section-h i-cf\"><div class=\"g-cols vc_row via_flex valign_top type_default stacking_default\"><div class=\"vc_col-sm-12 wpb_column vc_column_container\"><div class=\"vc_column-inner\"><div class=\"wpb_wrapper\"><div class=\"g-cols wpb_row via_flex valign_top type_default stacking_default\"><div class=\"vc_col-sm-12 wpb_column vc_column_container\"><div class=\"vc_column-inner\"><div class=\"wpb_wrapper\"><div class=\"wpb_text_column\"><div class=\"wpb_wrapper\"><h2><b>Quais s\u00e3o os benef\u00edcios?<\/b><\/h2>\n<p><i class=\"far fa-circle\"><\/i><span style=\"font-weight: 400;\">Abordagem eficaz para varizes mais avan\u00e7adas;<br \/>\n<i class=\"far fa-circle\"><\/i><\/span><span style=\"font-weight: 400;\">Resultados duradouros e vis\u00edveis;<br \/>\n<i class=\"far fa-circle\"><\/i><\/span><span style=\"font-weight: 400;\">Melhoria significativa na circula\u00e7\u00e3o sangu\u00ednea;<br \/>\n<i class=\"far fa-circle\"><\/i><\/span><span style=\"font-weight: 400;\">Al\u00edvio de sintomas associados, como dor e incha\u00e7o;<br \/>\n<i class=\"far fa-circle\"><\/i><\/span><span style=\"font-weight: 400;\">Possibilidade de tratar veias de maior calibre.<\/span><\/p>\n<\/div><\/div><\/div><\/div><\/div><\/div><\/div><\/div><\/div><\/div><\/div><\/section><section class=\"l-section wpb_row height_huge\"><div class=\"l-section-h i-cf\"><div class=\"g-cols vc_row via_flex valign_top type_default stacking_default\"><div class=\"vc_col-sm-12 wpb_column vc_column_container\"><div class=\"vc_column-inner\"><div class=\"wpb_wrapper\"><div class=\"g-cols wpb_row via_flex valign_top type_default stacking_default\"><div class=\"vc_col-sm-12 wpb_column vc_column_container\"><div class=\"vc_column-inner\"><div class=\"wpb_wrapper\"><div class=\"wpb_text_column\"><div class=\"wpb_wrapper\"><h2><b>Indica\u00e7\u00f5es:<\/b><\/h2>\n<p><i class=\"far fa-circle\"><\/i><span style=\"font-weight: 400;\">Varizes avan\u00e7adas e de maior complexidade;<br \/>\n<i class=\"far fa-circle\"><\/i><\/span><span style=\"font-weight: 400;\">Insufici\u00eancia venosa cr\u00f4nica;<br \/>\n<i class=\"far fa-circle\"><\/i><\/span><span style=\"font-weight: 400;\">Necessidade de corre\u00e7\u00e3o estrutural das veias;<br \/>\n<i class=\"far fa-circle\"><\/i><\/span><span style=\"font-weight: 400;\">Pacientes em que outros tratamentos n\u00e3o foram eficazes;<br \/>\n<i class=\"far fa-circle\"><\/i><\/span><span style=\"font-weight: 400;\">Avalia\u00e7\u00e3o m\u00e9dica recomenda o tratamento cir\u00fargico como a melhor op\u00e7\u00e3o.<\/span><\/p>\n<\/div><\/div><\/div><\/div><\/div><\/div><\/div><\/div><\/div><\/div><\/div><\/section>\n","protected":false},"excerpt":{"rendered":"O que \u00e9? O Tratamento Cir\u00fargico das Varizes \u00e9 uma interven\u00e7\u00e3o m\u00e9dica que visa a remo\u00e7\u00e3o ou corre\u00e7\u00e3o de veias varicosas atrav\u00e9s de procedimentos cir\u00fargicos; esta abordagem \u00e9 frequentemente recomendada para casos mais avan\u00e7ados ou quando outros m\u00e9todos menos invasivos n\u00e3o s\u00e3o adequados. Quais s\u00e3o os benef\u00edcios? Abordagem eficaz para varizes mais avan\u00e7adas; Resultados duradouros...","protected":false},"author":1,"featured_media":28981,"parent":0,"menu_order":0,"comment_status":"closed","ping_status":"closed","template":"","meta":{"footnotes":""},"class_list":["post-134","page","type-page","status-publish","has-post-thumbnail","hentry"],"_links":{"self":[{"href":"https:\/\/angiomedi.com.br\/home\/wp-json\/wp\/v2\/pages\/134","targetHints":{"allow":["GET"]}}],"collection":[{"href":"https:\/\/angiomedi.com.br\/home\/wp-json\/wp\/v2\/pages"}],"about":[{"href":"https:\/\/angiomedi.com.br\/home\/wp-json\/wp\/v2\/types\/page"}],"author":[{"embeddable":true,"href":"https:\/\/angiomedi.com.br\/home\/wp-json\/wp\/v2\/users\/1"}],"replies":[{"embeddable":true,"href":"https:\/\/angiomedi.com.br\/home\/wp-json\/wp\/v2\/comments?post=134"}],"version-history":[{"count":16,"href":"https:\/\/angiomedi.com.br\/home\/wp-json\/wp\/v2\/pages\/134\/revisions"}],"predecessor-version":[{"id":29226,"href":"https:\/\/angiomedi.com.br\/home\/wp-json\/wp\/v2\/pages\/134\/revisions\/29226"}],"wp:featuredmedia":[{"embeddable":true,"href":"https:\/\/angiomedi.com.br\/home\/wp-json\/wp\/v2\/media\/28981"}],"wp:attachment":[{"href":"https:\/\/angiomedi.com.br\/home\/wp-json\/wp\/v2\/media?parent=134"}],"curies":[{"name":"wp","href":"https:\/\/api.w.org\/{rel}","templated":true}]}}