{"id":135,"date":"2019-05-22T14:13:29","date_gmt":"2019-05-22T14:13:29","guid":{"rendered":"https:\/\/angiomedi.com.br\/home\/?page_id=135"},"modified":"2024-02-05T17:52:31","modified_gmt":"2024-02-05T20:52:31","slug":"cirurgia-de-mini-incisoes-com-anestesia-local","status":"publish","type":"page","link":"https:\/\/angiomedi.com.br\/home\/cirurgia-de-mini-incisoes-com-anestesia-local\/","title":{"rendered":"Cirurgia de mini-incis\u00f5es em Bras\u00edlia"},"content":{"rendered":"<section class=\"l-section wpb_row height_large\"><div class=\"l-section-h i-cf\"><div class=\"g-cols vc_row via_flex valign_top type_default stacking_default\"><div class=\"vc_col-sm-12 wpb_column vc_column_container\"><div class=\"vc_column-inner\"><div class=\"wpb_wrapper\"><div class=\"g-cols wpb_row via_flex valign_top type_default stacking_default\"><div class=\"vc_col-sm-12 wpb_column vc_column_container\"><div class=\"vc_column-inner\"><div class=\"wpb_wrapper\"><div class=\"wpb_text_column\"><div class=\"wpb_wrapper\"><h2><b>O que \u00e9?<\/b><\/h2>\n<p><span style=\"font-weight: 400;\">A Cirurgia de mini-incis\u00f5es \u00e9 um procedimento cir\u00fargico inovador para o tratamento de problemas vasculares, caracterizado por incis\u00f5es menores em compara\u00e7\u00e3o com a cirurgia tradicional. Esta t\u00e9cnica busca minimizar o impacto no tecido circundante durante a interven\u00e7\u00e3o.<\/span><span style=\"font-weight: 400;\">\u00a0<\/span><\/p>\n<\/div><\/div><\/div><\/div><\/div><\/div><\/div><\/div><\/div><\/div><\/div><\/section><section class=\"l-section wpb_row height_huge color_alternate\"><div class=\"l-section-h i-cf\"><div class=\"g-cols vc_row via_flex valign_top type_default stacking_default\"><div class=\"vc_col-sm-12 wpb_column vc_column_container\"><div class=\"vc_column-inner\"><div class=\"wpb_wrapper\"><div class=\"g-cols wpb_row via_flex valign_top type_default stacking_default\"><div class=\"vc_col-sm-12 wpb_column vc_column_container\"><div class=\"vc_column-inner\"><div class=\"wpb_wrapper\"><div class=\"wpb_text_column\"><div class=\"wpb_wrapper\"><h2><b>Quais s\u00e3o os benef\u00edcios?<\/b><\/h2>\n<p><i class=\"far fa-circle\"><\/i><span style=\"font-weight: 400;\">Incis\u00f5es menores, resultando em cicatrizes mais discretas;<br \/>\n<i class=\"far fa-circle\"><\/i><\/span><span style=\"font-weight: 400;\">Recupera\u00e7\u00e3o potencialmente mais r\u00e1pida que em cirurgias convencionais;<br \/>\n<i class=\"far fa-circle\"><\/i><\/span><span style=\"font-weight: 400;\">Menor trauma para os tecidos circundantes;<br \/>\n<i class=\"far fa-circle\"><\/i><\/span><span style=\"font-weight: 400;\">Efic\u00e1cia compar\u00e1vel \u00e0 cirurgia tradicional;<br \/>\n<i class=\"far fa-circle\"><\/i><\/span><span style=\"font-weight: 400;\">Indicado para casos em que outros m\u00e9todos n\u00e3o s\u00e3o adequados.<\/span><\/p>\n<\/div><\/div><\/div><\/div><\/div><\/div><\/div><\/div><\/div><\/div><\/div><\/section><section class=\"l-section wpb_row height_huge\"><div class=\"l-section-h i-cf\"><div class=\"g-cols vc_row via_flex valign_top type_default stacking_default\"><div class=\"vc_col-sm-12 wpb_column vc_column_container\"><div class=\"vc_column-inner\"><div class=\"wpb_wrapper\"><div class=\"g-cols wpb_row via_flex valign_top type_default stacking_default\"><div class=\"vc_col-sm-12 wpb_column vc_column_container\"><div class=\"vc_column-inner\"><div class=\"wpb_wrapper\"><div class=\"wpb_text_column\"><div class=\"wpb_wrapper\"><h2><b>Indica\u00e7\u00f5es:<\/b><\/h2>\n<p><i class=\"far fa-circle\"><\/i><span style=\"font-weight: 400;\">Tratamento de varizes e complica\u00e7\u00f5es associadas;<br \/>\n<i class=\"far fa-circle\"><\/i><\/span><span style=\"font-weight: 400;\">Necessidade de interven\u00e7\u00e3o cir\u00fargica com m\u00ednima invasividade;<br \/>\n<i class=\"far fa-circle\"><\/i><\/span><span style=\"font-weight: 400;\">Pacientes que desejam cicatrizes menos vis\u00edveis;<br \/>\n<i class=\"far fa-circle\"><\/i><\/span><span style=\"font-weight: 400;\">Casos espec\u00edficos em que outros m\u00e9todos n\u00e3o s\u00e3o eficazes;<br \/>\n<i class=\"far fa-circle\"><\/i><\/span><span style=\"font-weight: 400;\">Avalia\u00e7\u00e3o m\u00e9dica recomenda a abordagem de mini-incis\u00f5es como a mais apropriada.<\/span><\/p>\n<\/div><\/div><\/div><\/div><\/div><\/div><\/div><\/div><\/div><\/div><\/div><\/section>\n","protected":false},"excerpt":{"rendered":"O que \u00e9? A Cirurgia de mini-incis\u00f5es \u00e9 um procedimento cir\u00fargico inovador para o tratamento de problemas vasculares, caracterizado por incis\u00f5es menores em compara\u00e7\u00e3o com a cirurgia tradicional. Esta t\u00e9cnica busca minimizar o impacto no tecido circundante durante a interven\u00e7\u00e3o.\u00a0 Quais s\u00e3o os benef\u00edcios? Incis\u00f5es menores, resultando em cicatrizes mais discretas; Recupera\u00e7\u00e3o potencialmente mais r\u00e1pida...","protected":false},"author":1,"featured_media":28974,"parent":0,"menu_order":0,"comment_status":"closed","ping_status":"closed","template":"","meta":{"footnotes":""},"class_list":["post-135","page","type-page","status-publish","has-post-thumbnail","hentry"],"_links":{"self":[{"href":"https:\/\/angiomedi.com.br\/home\/wp-json\/wp\/v2\/pages\/135","targetHints":{"allow":["GET"]}}],"collection":[{"href":"https:\/\/angiomedi.com.br\/home\/wp-json\/wp\/v2\/pages"}],"about":[{"href":"https:\/\/angiomedi.com.br\/home\/wp-json\/wp\/v2\/types\/page"}],"author":[{"embeddable":true,"href":"https:\/\/angiomedi.com.br\/home\/wp-json\/wp\/v2\/users\/1"}],"replies":[{"embeddable":true,"href":"https:\/\/angiomedi.com.br\/home\/wp-json\/wp\/v2\/comments?post=135"}],"version-history":[{"count":16,"href":"https:\/\/angiomedi.com.br\/home\/wp-json\/wp\/v2\/pages\/135\/revisions"}],"predecessor-version":[{"id":29227,"href":"https:\/\/angiomedi.com.br\/home\/wp-json\/wp\/v2\/pages\/135\/revisions\/29227"}],"wp:featuredmedia":[{"embeddable":true,"href":"https:\/\/angiomedi.com.br\/home\/wp-json\/wp\/v2\/media\/28974"}],"wp:attachment":[{"href":"https:\/\/angiomedi.com.br\/home\/wp-json\/wp\/v2\/media?parent=135"}],"curies":[{"name":"wp","href":"https:\/\/api.w.org\/{rel}","templated":true}]}}