{"id":137,"date":"2019-05-22T14:13:27","date_gmt":"2019-05-22T14:13:27","guid":{"rendered":"https:\/\/angiomedi.com.br\/home\/?page_id=137"},"modified":"2024-02-05T17:54:54","modified_gmt":"2024-02-05T20:54:54","slug":"aneurisma-da-aorta-abdominal","status":"publish","type":"page","link":"https:\/\/angiomedi.com.br\/home\/aneurisma-da-aorta-abdominal\/","title":{"rendered":"Tratamento de aneurisma da aorta abdominal em Bras\u00edlia"},"content":{"rendered":"<section class=\"l-section wpb_row height_large\"><div class=\"l-section-h i-cf\"><div class=\"g-cols vc_row via_flex valign_top type_default stacking_default\"><div class=\"vc_col-sm-12 wpb_column vc_column_container\"><div class=\"vc_column-inner\"><div class=\"wpb_wrapper\"><div class=\"g-cols wpb_row via_flex valign_top type_default stacking_default\"><div class=\"vc_col-sm-12 wpb_column vc_column_container\"><div class=\"vc_column-inner\"><div class=\"wpb_wrapper\"><div class=\"wpb_text_column\"><div class=\"wpb_wrapper\"><h2><b>O que \u00e9?<\/b><\/h2>\n<p style=\"text-align: justify;\"><span style=\"font-weight: 400;\">O Tratamento de Aneurisma da Aorta Abdominal \u00e9 destinado a corrigir ou estabilizar uma dilata\u00e7\u00e3o anormal da aorta, a principal art\u00e9ria que transporta sangue do cora\u00e7\u00e3o para o corpo. Essa condi\u00e7\u00e3o, conhecida como aneurisma, pode representar um risco significativo se n\u00e3o for tratada.<\/span><\/p>\n<\/div><\/div><\/div><\/div><\/div><\/div><\/div><\/div><\/div><\/div><\/div><\/section><section class=\"l-section wpb_row height_huge color_alternate\"><div class=\"l-section-h i-cf\"><div class=\"g-cols vc_row via_flex valign_top type_default stacking_default\"><div class=\"vc_col-sm-12 wpb_column vc_column_container\"><div class=\"vc_column-inner\"><div class=\"wpb_wrapper\"><div class=\"g-cols wpb_row via_flex valign_top type_default stacking_default\"><div class=\"vc_col-sm-12 wpb_column vc_column_container\"><div class=\"vc_column-inner\"><div class=\"wpb_wrapper\"><div class=\"wpb_text_column\"><div class=\"wpb_wrapper\"><h2><b>Quais s\u00e3o as indica\u00e7\u00f5es?<\/b><\/h2>\n<p><i class=\"far fa-circle\"><\/i><span style=\"font-weight: 400;\">Diagn\u00f3stico confirmado de aneurisma da aorta abdominal;<br \/>\n<i class=\"far fa-circle\"><\/i><\/span><span style=\"font-weight: 400;\">Tamanho do aneurisma atingindo um limiar de risco;<br \/>\n<i class=\"far fa-circle\"><\/i><\/span><span style=\"font-weight: 400;\">R\u00e1pido crescimento do aneurisma observado em acompanhamento m\u00e9dico;<br \/>\n<i class=\"far fa-circle\"><\/i><\/span><span style=\"font-weight: 400;\">Presen\u00e7a de sintomas como dor abdominal intensa;<br \/>\n<i class=\"far fa-circle\"><\/i><\/span><span style=\"font-weight: 400;\">Hist\u00f3rico familiar de complica\u00e7\u00f5es relacionadas a aneurismas.<\/span><\/p>\n<\/div><\/div><\/div><\/div><\/div><\/div><\/div><\/div><\/div><\/div><\/div><\/section>\n","protected":false},"excerpt":{"rendered":"O que \u00e9? O Tratamento de Aneurisma da Aorta Abdominal \u00e9 destinado a corrigir ou estabilizar uma dilata\u00e7\u00e3o anormal da aorta, a principal art\u00e9ria que transporta sangue do cora\u00e7\u00e3o para o corpo. Essa condi\u00e7\u00e3o, conhecida como aneurisma, pode representar um risco significativo se n\u00e3o for tratada. Quais s\u00e3o as indica\u00e7\u00f5es? Diagn\u00f3stico confirmado de aneurisma da...","protected":false},"author":1,"featured_media":28972,"parent":0,"menu_order":0,"comment_status":"closed","ping_status":"closed","template":"","meta":{"footnotes":""},"class_list":["post-137","page","type-page","status-publish","has-post-thumbnail","hentry"],"_links":{"self":[{"href":"https:\/\/angiomedi.com.br\/home\/wp-json\/wp\/v2\/pages\/137","targetHints":{"allow":["GET"]}}],"collection":[{"href":"https:\/\/angiomedi.com.br\/home\/wp-json\/wp\/v2\/pages"}],"about":[{"href":"https:\/\/angiomedi.com.br\/home\/wp-json\/wp\/v2\/types\/page"}],"author":[{"embeddable":true,"href":"https:\/\/angiomedi.com.br\/home\/wp-json\/wp\/v2\/users\/1"}],"replies":[{"embeddable":true,"href":"https:\/\/angiomedi.com.br\/home\/wp-json\/wp\/v2\/comments?post=137"}],"version-history":[{"count":13,"href":"https:\/\/angiomedi.com.br\/home\/wp-json\/wp\/v2\/pages\/137\/revisions"}],"predecessor-version":[{"id":29229,"href":"https:\/\/angiomedi.com.br\/home\/wp-json\/wp\/v2\/pages\/137\/revisions\/29229"}],"wp:featuredmedia":[{"embeddable":true,"href":"https:\/\/angiomedi.com.br\/home\/wp-json\/wp\/v2\/media\/28972"}],"wp:attachment":[{"href":"https:\/\/angiomedi.com.br\/home\/wp-json\/wp\/v2\/media?parent=137"}],"curies":[{"name":"wp","href":"https:\/\/api.w.org\/{rel}","templated":true}]}}