{"id":138,"date":"2019-05-22T14:14:08","date_gmt":"2019-05-22T14:14:08","guid":{"rendered":"https:\/\/angiomedi.com.br\/home\/?page_id=138"},"modified":"2024-02-05T17:56:30","modified_gmt":"2024-02-05T20:56:30","slug":"ulceras-de-pernas","status":"publish","type":"page","link":"https:\/\/angiomedi.com.br\/home\/ulceras-de-pernas\/","title":{"rendered":"Tratamento de \u00falcera de pernas em Bras\u00edlia"},"content":{"rendered":"<section class=\"l-section wpb_row height_large\"><div class=\"l-section-h i-cf\"><div class=\"g-cols vc_row via_flex valign_top type_default stacking_default\"><div class=\"vc_col-sm-12 wpb_column vc_column_container\"><div class=\"vc_column-inner\"><div class=\"wpb_wrapper\"><div class=\"g-cols wpb_row via_flex valign_top type_default stacking_default\"><div class=\"vc_col-sm-12 wpb_column vc_column_container\"><div class=\"vc_column-inner\"><div class=\"wpb_wrapper\"><div class=\"wpb_text_column\"><div class=\"wpb_wrapper\"><h2><b>O que \u00e9?<\/b><\/h2>\n<p style=\"text-align: justify;\"><span style=\"font-weight: 400;\">O Tratamento de \u00dalcera de Pernas \u00e9 destinado a promover a cicatriza\u00e7\u00e3o e prevenir complica\u00e7\u00f5es relacionadas a \u00falceras na pele das pernas. Estas \u00falceras podem ser causadas por condi\u00e7\u00f5es como insufici\u00eancia venosa, doen\u00e7a arterial perif\u00e9rica ou outras doen\u00e7as vasculares.<\/span><\/p>\n<\/div><\/div><\/div><\/div><\/div><\/div><\/div><\/div><\/div><\/div><\/div><\/section><section class=\"l-section wpb_row height_huge color_alternate\"><div class=\"l-section-h i-cf\"><div class=\"g-cols vc_row via_flex valign_top type_default stacking_default\"><div class=\"vc_col-sm-12 wpb_column vc_column_container\"><div class=\"vc_column-inner\"><div class=\"wpb_wrapper\"><div class=\"g-cols wpb_row via_flex valign_top type_default stacking_default\"><div class=\"vc_col-sm-12 wpb_column vc_column_container\"><div class=\"vc_column-inner\"><div class=\"wpb_wrapper\"><div class=\"wpb_text_column\"><div class=\"wpb_wrapper\"><h2><b>Quais s\u00e3o as indica\u00e7\u00f5es?<\/b><\/h2>\n<p><i class=\"far fa-circle\"><\/i><span style=\"font-weight: 400;\">Presen\u00e7a de \u00falceras cr\u00f4nicas nas pernas;<br \/>\n<i class=\"far fa-circle\"><\/i><\/span><span style=\"font-weight: 400;\">Diagn\u00f3stico de insufici\u00eancia venosa ou arterial;<br \/>\n<i class=\"far fa-circle\"><\/i><\/span><span style=\"font-weight: 400;\">Dificuldade na cicatriza\u00e7\u00e3o de feridas nas pernas;<br \/>\n<i class=\"far fa-circle\"><\/i><\/span><span style=\"font-weight: 400;\">Hist\u00f3rico de \u00falceras recorrentes;<br \/>\n<i class=\"far fa-circle\"><\/i><\/span><span style=\"font-weight: 400;\">Necessidade de al\u00edvio de sintomas como dor e incha\u00e7o.<\/span><\/p>\n<\/div><\/div><\/div><\/div><\/div><\/div><\/div><\/div><\/div><\/div><\/div><\/section>\n","protected":false},"excerpt":{"rendered":"O que \u00e9? O Tratamento de \u00dalcera de Pernas \u00e9 destinado a promover a cicatriza\u00e7\u00e3o e prevenir complica\u00e7\u00f5es relacionadas a \u00falceras na pele das pernas. Estas \u00falceras podem ser causadas por condi\u00e7\u00f5es como insufici\u00eancia venosa, doen\u00e7a arterial perif\u00e9rica ou outras doen\u00e7as vasculares. Quais s\u00e3o as indica\u00e7\u00f5es? Presen\u00e7a de \u00falceras cr\u00f4nicas nas pernas; Diagn\u00f3stico de insufici\u00eancia...","protected":false},"author":1,"featured_media":28982,"parent":0,"menu_order":0,"comment_status":"closed","ping_status":"closed","template":"","meta":{"footnotes":""},"class_list":["post-138","page","type-page","status-publish","has-post-thumbnail","hentry"],"_links":{"self":[{"href":"https:\/\/angiomedi.com.br\/home\/wp-json\/wp\/v2\/pages\/138","targetHints":{"allow":["GET"]}}],"collection":[{"href":"https:\/\/angiomedi.com.br\/home\/wp-json\/wp\/v2\/pages"}],"about":[{"href":"https:\/\/angiomedi.com.br\/home\/wp-json\/wp\/v2\/types\/page"}],"author":[{"embeddable":true,"href":"https:\/\/angiomedi.com.br\/home\/wp-json\/wp\/v2\/users\/1"}],"replies":[{"embeddable":true,"href":"https:\/\/angiomedi.com.br\/home\/wp-json\/wp\/v2\/comments?post=138"}],"version-history":[{"count":14,"href":"https:\/\/angiomedi.com.br\/home\/wp-json\/wp\/v2\/pages\/138\/revisions"}],"predecessor-version":[{"id":29230,"href":"https:\/\/angiomedi.com.br\/home\/wp-json\/wp\/v2\/pages\/138\/revisions\/29230"}],"wp:featuredmedia":[{"embeddable":true,"href":"https:\/\/angiomedi.com.br\/home\/wp-json\/wp\/v2\/media\/28982"}],"wp:attachment":[{"href":"https:\/\/angiomedi.com.br\/home\/wp-json\/wp\/v2\/media?parent=138"}],"curies":[{"name":"wp","href":"https:\/\/api.w.org\/{rel}","templated":true}]}}