{"id":149,"date":"2019-05-22T14:12:57","date_gmt":"2019-05-22T14:12:57","guid":{"rendered":"https:\/\/angiomedi.com.br\/home\/?page_id=149"},"modified":"2024-02-05T17:57:55","modified_gmt":"2024-02-05T20:57:55","slug":"pe-diabetico","status":"publish","type":"page","link":"https:\/\/angiomedi.com.br\/home\/pe-diabetico\/","title":{"rendered":"Tratamento de p\u00e9 diab\u00e9tico em Bras\u00edlia"},"content":{"rendered":"<section class=\"l-section wpb_row height_large\"><div class=\"l-section-h i-cf\"><div class=\"g-cols vc_row via_flex valign_top type_default stacking_default\"><div class=\"vc_col-sm-12 wpb_column vc_column_container\"><div class=\"vc_column-inner\"><div class=\"wpb_wrapper\"><div class=\"g-cols wpb_row via_flex valign_top type_default stacking_default\"><div class=\"vc_col-sm-12 wpb_column vc_column_container\"><div class=\"vc_column-inner\"><div class=\"wpb_wrapper\"><div class=\"wpb_text_column\"><div class=\"wpb_wrapper\"><h2><b>O que \u00e9?<\/b><\/h2>\n<p><span style=\"font-weight: 400;\">O Tratamento de P\u00e9 Diab\u00e9tico \u00e9 destinado a prevenir, tratar e gerenciar complica\u00e7\u00f5es nos p\u00e9s de indiv\u00edduos com diabetes. O p\u00e9 diab\u00e9tico \u00e9 uma condi\u00e7\u00e3o s\u00e9ria que pode resultar de neuropatia perif\u00e9rica, m\u00e1 circula\u00e7\u00e3o sangu\u00ednea e outras complica\u00e7\u00f5es relacionadas ao diabetes.<\/span><\/p>\n<\/div><\/div><\/div><\/div><\/div><\/div><\/div><\/div><\/div><\/div><\/div><\/section><section class=\"l-section wpb_row height_huge color_alternate\"><div class=\"l-section-h i-cf\"><div class=\"g-cols vc_row via_flex valign_top type_default stacking_default\"><div class=\"vc_col-sm-12 wpb_column vc_column_container\"><div class=\"vc_column-inner\"><div class=\"wpb_wrapper\"><div class=\"g-cols wpb_row via_flex valign_top type_default stacking_default\"><div class=\"vc_col-sm-12 wpb_column vc_column_container\"><div class=\"vc_column-inner\"><div class=\"wpb_wrapper\"><div class=\"wpb_text_column\"><div class=\"wpb_wrapper\"><h2><b>Quais s\u00e3o as indica\u00e7\u00f5es?<\/b><\/h2>\n<p><i class=\"far fa-circle\"><\/i><span style=\"font-weight: 400;\">Diagn\u00f3stico de diabetes mellitus;<br \/>\n<i class=\"far fa-circle\"><\/i><\/span><span style=\"font-weight: 400;\">Presen\u00e7a de neuropatia perif\u00e9rica;<br \/>\n<i class=\"far fa-circle\"><\/i><\/span><span style=\"font-weight: 400;\">Hist\u00f3rico de feridas ou \u00falceras nos p\u00e9s;<br \/>\n<i class=\"far fa-circle\"><\/i><\/span><span style=\"font-weight: 400;\">Altera\u00e7\u00f5es na sensibilidade dos p\u00e9s;<br \/>\n<i class=\"far fa-circle\"><\/i><\/span><span style=\"font-weight: 400;\">Necessidade de preven\u00e7\u00e3o de complica\u00e7\u00f5es mais graves.<\/span><\/p>\n<\/div><\/div><\/div><\/div><\/div><\/div><\/div><\/div><\/div><\/div><\/div><\/section>\n","protected":false},"excerpt":{"rendered":"O que \u00e9? O Tratamento de P\u00e9 Diab\u00e9tico \u00e9 destinado a prevenir, tratar e gerenciar complica\u00e7\u00f5es nos p\u00e9s de indiv\u00edduos com diabetes. O p\u00e9 diab\u00e9tico \u00e9 uma condi\u00e7\u00e3o s\u00e9ria que pode resultar de neuropatia perif\u00e9rica, m\u00e1 circula\u00e7\u00e3o sangu\u00ednea e outras complica\u00e7\u00f5es relacionadas ao diabetes. Quais s\u00e3o as indica\u00e7\u00f5es? Diagn\u00f3stico de diabetes mellitus; Presen\u00e7a de neuropatia...","protected":false},"author":1,"featured_media":28979,"parent":0,"menu_order":0,"comment_status":"closed","ping_status":"closed","template":"","meta":{"footnotes":""},"class_list":["post-149","page","type-page","status-publish","has-post-thumbnail","hentry"],"_links":{"self":[{"href":"https:\/\/angiomedi.com.br\/home\/wp-json\/wp\/v2\/pages\/149","targetHints":{"allow":["GET"]}}],"collection":[{"href":"https:\/\/angiomedi.com.br\/home\/wp-json\/wp\/v2\/pages"}],"about":[{"href":"https:\/\/angiomedi.com.br\/home\/wp-json\/wp\/v2\/types\/page"}],"author":[{"embeddable":true,"href":"https:\/\/angiomedi.com.br\/home\/wp-json\/wp\/v2\/users\/1"}],"replies":[{"embeddable":true,"href":"https:\/\/angiomedi.com.br\/home\/wp-json\/wp\/v2\/comments?post=149"}],"version-history":[{"count":13,"href":"https:\/\/angiomedi.com.br\/home\/wp-json\/wp\/v2\/pages\/149\/revisions"}],"predecessor-version":[{"id":29231,"href":"https:\/\/angiomedi.com.br\/home\/wp-json\/wp\/v2\/pages\/149\/revisions\/29231"}],"wp:featuredmedia":[{"embeddable":true,"href":"https:\/\/angiomedi.com.br\/home\/wp-json\/wp\/v2\/media\/28979"}],"wp:attachment":[{"href":"https:\/\/angiomedi.com.br\/home\/wp-json\/wp\/v2\/media?parent=149"}],"curies":[{"name":"wp","href":"https:\/\/api.w.org\/{rel}","templated":true}]}}