{"id":23316,"date":"2019-06-25T13:42:37","date_gmt":"2019-06-25T13:42:37","guid":{"rendered":"https:\/\/angiomedi.com.br\/home\/?page_id=23316"},"modified":"2020-10-07T12:15:05","modified_gmt":"2020-10-07T15:15:05","slug":"youtube","status":"publish","type":"page","link":"https:\/\/angiomedi.com.br\/home\/youtube\/","title":{"rendered":"Youtube"},"content":{"rendered":"\t\t\t<div \n\t\t\tclass=\"yotu-playlist yotuwp yotu-limit-min   yotu-thumb-169  yotu-template-grid\" \n\t\t\tdata-page=\"1\"\n\t\t\tid=\"yotuwp-69e6a1e45591c\"\n\t\t\tdata-yotu=\"69e6a1e4d9c88\"\n\t\t\tdata-total=\"10\"\n\t\t\tdata-settings=\"eyJ0eXBlIjoicGxheWxpc3QiLCJpZCI6IlVVd1VQWGY4NmJNZll3UE8tdHhBQ20wQSIsInBhZ2luYXRpb24iOiJvbiIsInBhZ2l0eXBlIjoicGFnZXIiLCJjb2x1bW4iOiIzIiwicGVyX3BhZ2UiOiI2IiwidGVtcGxhdGUiOiJncmlkIiwidGl0bGUiOiJvbiIsImRlc2NyaXB0aW9uIjoib24iLCJ0aHVtYnJhdGlvIjoiMTY5IiwibWV0YSI6Im9mZiIsIm1ldGFfZGF0YSI6Im9mZiIsIm1ldGFfcG9zaXRpb24iOiJvZmYiLCJkYXRlX2Zvcm1hdCI6Im9mZiIsIm1ldGFfYWxpZ24iOiJvZmYiLCJzdWJzY3JpYmUiOiJvZmYiLCJkdXJhdGlvbiI6Im9mZiIsIm1ldGFfaWNvbiI6Im9mZiIsIm5leHR0ZXh0IjoiIiwicHJldnRleHQiOiIiLCJsb2FkbW9yZXRleHQiOiIiLCJwbGF5ZXIiOnsibW9kZSI6ImxhcmdlIiwid2lkdGgiOiI2MDAiLCJzY3JvbGxpbmciOiIxMDAiLCJhdXRvcGxheSI6MCwiY29udHJvbHMiOjEsIm1vZGVzdGJyYW5kaW5nIjoxLCJsb29wIjowLCJhdXRvbmV4dCI6MCwic2hvd2luZm8iOjEsInJlbCI6MSwicGxheWluZyI6MCwicGxheWluZ19kZXNjcmlwdGlvbiI6MCwidGh1bWJuYWlscyI6MCwiY2NfbG9hZF9wb2xpY3kiOiIxIiwiY2NfbGFuZ19wcmVmIjoiMSIsImhsIjoiIiwiaXZfbG9hZF9wb2xpY3kiOiIxIn0sImxhc3RfdGFiIjoic3R5bGluZyIsInVzZV9hc19tb2RhbCI6Im9mZiIsIm1vZGFsX2lkIjoib2ZmIiwibGFzdF91cGRhdGUiOiIxNjA0MDY5NTI3Iiwic3R5bGluZyI6eyJwYWdlcl9sYXlvdXQiOiJjZW50ZXJfbm9fdGV4dCIsImJ1dHRvbiI6IjEiLCJidXR0b25fY29sb3IiOiIjNWI1YjViIiwiYnV0dG9uX2JnX2NvbG9yIjoiIiwiYnV0dG9uX2NvbG9yX2hvdmVyIjoiIiwiYnV0dG9uX2JnX2NvbG9yX2hvdmVyIjoiIiwidmlkZW9fc3R5bGUiOiJncGx1cyIsInBsYXlpY29uX2NvbG9yIjoiIiwiaG92ZXJfaWNvbiI6IiIsImdhbGxlcnlfYmciOiIifSwiZWZmZWN0cyI6eyJ2aWRlb19ib3giOiIiLCJmbGlwX2VmZmVjdCI6IiJ9LCJnYWxsZXJ5X2lkIjoiNjllNmExZTQ1NTkxYyIsIm5leHQiOiJFQUFhSGxCVU9rTkJXV2xGUkZWNlRXdEtRMDFGU1RCTmFrcEhVV3ROTTFKVlRRIiwicHJldiI6IiJ9\"\n\t\t\tdata-player=\"large\"\n\t\t\tdata-showdesc=\"on\" >\n\t\t\t\t<div>\n\t\t\t\t\t\t\t\t\t\t<div class=\"yotu-wrapper-player\" style=\"width:600px\">\n\t\t\t\t\t\t\t\t\t\t\t\t<div class=\"yotu-player\">\n\t\t\t\t\t\t\t<div class=\"yotu-video-placeholder\" id=\"yotu-player-69e6a1e4d9c88\"><\/div>\n\t\t\t\t\t\t<\/div>\n\t\t\t\t\t\t<div class=\"yotu-playing-status\"><\/div>\n\t\t\t\t\t\t\t\t\t\t\t<\/div>\n\n\t\t\t\t\t<div class=\"yotu-pagination yotu-pager_layout-center_no_text yotu-pagination-top\">\n<a href=\"#\" class=\"yotu-pagination-prev yotu-button-prs yotu-button-prs-1\" data-page=\"prev\">Prev<\/a>\n<span class=\"yotu-pagination-current\">1<\/span> <span>of<\/span> <span class=\"yotu-pagination-total\">10<\/span>\n<a href=\"#\" class=\"yotu-pagination-next yotu-button-prs yotu-button-prs-1\" data-page=\"next\">Next<\/a>\n<\/div>\n<div class=\"yotu-videos yotu-mode-grid yotu-preset yotu-preset-gplus yotu-column-3 yotu-player-mode-large\">\n\t<ul>\n\t\t\t\t\t<li class=\" yotu-first\">\n\t\t\t\t\t\t\t\t<a href=\"#tOE9B3scqcU\" class=\"yotu-video\" data-videoid=\"tOE9B3scqcU\" data-title=\"Conhe\u00e7a a Cl\u00ednica Angiomedi | Especialista em tratamento vascular\" title=\"Conhe\u00e7a a Cl\u00ednica Angiomedi | Especialista em tratamento vascular\">\n\t\t\t\t\t<div class=\"yotu-video-thumb-wrp\">\n\t\t\t\t\t\t<div>\n\t\t\t\t\t\t\t\t\t\t\t\t\t\t<img decoding=\"async\" class=\"yotu-video-thumb\" src=\"https:\/\/i.ytimg.com\/vi\/tOE9B3scqcU\/sddefault.jpg\" alt=\"Conhe\u00e7a a Cl\u00ednica Angiomedi | Especialista em tratamento vascular\">\t\n\t\t\t\t\t\t\t\t\t\t\t\t\t<\/div>\n\t\t\t\t\t<\/div>\n\t\t\t\t\t\t\t\t\t\t\t<h3 class=\"yotu-video-title\">Conhe\u00e7a a Cl\u00ednica Angiomedi | Especialista em tratamento vascular<\/h3>\n\t\t\t\t\t\t\t\t\t\t\t\t\t\t\t\t\t\t\t\t\t<div class=\"yotu-video-description\"><\/div>\n\t\t\t\t\t\t\t\t\t<\/a>\n\t\t\t\t\t\t\t<\/li>\n\t\t\t\t\n\t\t\t\t\t\t<li class=\"\">\n\t\t\t\t\t\t\t\t<a href=\"#QOY_LKmW-h0\" class=\"yotu-video\" data-videoid=\"QOY_LKmW-h0\" data-title=\"POR QUE FICAR EM CASA NEM SEMPRE \u00c9 A MELHOR OP\u00c7\u00c3O\" title=\"POR QUE FICAR EM CASA NEM SEMPRE \u00c9 A MELHOR OP\u00c7\u00c3O\">\n\t\t\t\t\t<div class=\"yotu-video-thumb-wrp\">\n\t\t\t\t\t\t<div>\n\t\t\t\t\t\t\t\t\t\t\t\t\t\t<img decoding=\"async\" class=\"yotu-video-thumb\" src=\"https:\/\/i.ytimg.com\/vi\/QOY_LKmW-h0\/sddefault.jpg\" alt=\"POR QUE FICAR EM CASA NEM SEMPRE \u00c9 A MELHOR OP\u00c7\u00c3O\">\t\n\t\t\t\t\t\t\t\t\t\t\t\t\t<\/div>\n\t\t\t\t\t<\/div>\n\t\t\t\t\t\t\t\t\t\t\t<h3 class=\"yotu-video-title\">POR QUE FICAR EM CASA NEM SEMPRE \u00c9 A MELHOR OP\u00c7\u00c3O<\/h3>\n\t\t\t\t\t\t\t\t\t\t\t\t\t\t\t\t\t\t\t\t\t<div class=\"yotu-video-description\"><\/div>\n\t\t\t\t\t\t\t\t\t<\/a>\n\t\t\t\t\t\t\t<\/li>\n\t\t\t\t\n\t\t\t\t\t\t<li class=\"\">\n\t\t\t\t\t\t\t\t<a href=\"#dYCAg4r5Pqk\" class=\"yotu-video\" data-videoid=\"dYCAg4r5Pqk\" data-title=\"FUNCIONAMENTO DA ANGIOMEDI NA PANDEMIA\" title=\"FUNCIONAMENTO DA ANGIOMEDI NA PANDEMIA\">\n\t\t\t\t\t<div class=\"yotu-video-thumb-wrp\">\n\t\t\t\t\t\t<div>\n\t\t\t\t\t\t\t\t\t\t\t\t\t\t<img decoding=\"async\" class=\"yotu-video-thumb\" src=\"https:\/\/i.ytimg.com\/vi\/dYCAg4r5Pqk\/sddefault.jpg\" alt=\"FUNCIONAMENTO DA ANGIOMEDI NA PANDEMIA\">\t\n\t\t\t\t\t\t\t\t\t\t\t\t\t<\/div>\n\t\t\t\t\t<\/div>\n\t\t\t\t\t\t\t\t\t\t\t<h3 class=\"yotu-video-title\">FUNCIONAMENTO DA ANGIOMEDI NA PANDEMIA<\/h3>\n\t\t\t\t\t\t\t\t\t\t\t\t\t\t\t\t\t\t\t\t\t<div class=\"yotu-video-description\"><\/div>\n\t\t\t\t\t\t\t\t\t<\/a>\n\t\t\t\t\t\t\t<\/li>\n\t\t\t\t\n\t\t\t\t\t\t<li class=\"\">\n\t\t\t\t\t\t\t\t<a href=\"#2gBLsSiPZeQ\" class=\"yotu-video\" data-videoid=\"2gBLsSiPZeQ\" data-title=\"CORONAV\u00cdRUS: QUEM CORRE MAIS RISCO?\" title=\"CORONAV\u00cdRUS: QUEM CORRE MAIS RISCO?\">\n\t\t\t\t\t<div class=\"yotu-video-thumb-wrp\">\n\t\t\t\t\t\t<div>\n\t\t\t\t\t\t\t\t\t\t\t\t\t\t<img decoding=\"async\" class=\"yotu-video-thumb\" src=\"https:\/\/i.ytimg.com\/vi\/2gBLsSiPZeQ\/sddefault.jpg\" alt=\"CORONAV\u00cdRUS: QUEM CORRE MAIS RISCO?\">\t\n\t\t\t\t\t\t\t\t\t\t\t\t\t<\/div>\n\t\t\t\t\t<\/div>\n\t\t\t\t\t\t\t\t\t\t\t<h3 class=\"yotu-video-title\">CORONAV\u00cdRUS: QUEM CORRE MAIS RISCO?<\/h3>\n\t\t\t\t\t\t\t\t\t\t\t\t\t\t\t\t\t\t\t\t\t<div class=\"yotu-video-description\"><\/div>\n\t\t\t\t\t\t\t\t\t<\/a>\n\t\t\t\t\t\t\t<\/li>\n\t\t\t\t\n\t\t\t\t\t\t<li class=\"\">\n\t\t\t\t\t\t\t\t<a href=\"#Z-ZXEplrh2g\" class=\"yotu-video\" data-videoid=\"Z-ZXEplrh2g\" data-title=\"Transmiss\u00e3o ao vivo de Angiomedi Cl\u00ednica\" title=\"Transmiss\u00e3o ao vivo de Angiomedi Cl\u00ednica\">\n\t\t\t\t\t<div class=\"yotu-video-thumb-wrp\">\n\t\t\t\t\t\t<div>\n\t\t\t\t\t\t\t\t\t\t\t\t\t\t<img decoding=\"async\" class=\"yotu-video-thumb\" src=\"https:\/\/i.ytimg.com\/vi\/Z-ZXEplrh2g\/sddefault_live.jpg\" alt=\"Transmiss\u00e3o ao vivo de Angiomedi Cl\u00ednica\">\t\n\t\t\t\t\t\t\t\t\t\t\t\t\t<\/div>\n\t\t\t\t\t<\/div>\n\t\t\t\t\t\t\t\t\t\t\t<h3 class=\"yotu-video-title\">Transmiss\u00e3o ao vivo de Angiomedi Cl\u00ednica<\/h3>\n\t\t\t\t\t\t\t\t\t\t\t\t\t\t\t\t\t\t\t\t\t<div class=\"yotu-video-description\"><\/div>\n\t\t\t\t\t\t\t\t\t<\/a>\n\t\t\t\t\t\t\t<\/li>\n\t\t\t\t\n\t\t\t\t\t\t<li class=\" yotu-last\">\n\t\t\t\t\t\t\t\t<a href=\"#jxjHZd5XDyo\" class=\"yotu-video\" data-videoid=\"jxjHZd5XDyo\" data-title=\"Atividades f\u00edsicas para se fazer em casa | Dr. Antonio Carlos de Souza | Angiomedi\" title=\"Atividades f\u00edsicas para se fazer em casa | Dr. Antonio Carlos de Souza | Angiomedi\">\n\t\t\t\t\t<div class=\"yotu-video-thumb-wrp\">\n\t\t\t\t\t\t<div>\n\t\t\t\t\t\t\t\t\t\t\t\t\t\t<img decoding=\"async\" class=\"yotu-video-thumb\" src=\"https:\/\/i.ytimg.com\/vi\/jxjHZd5XDyo\/sddefault.jpg\" alt=\"Atividades f\u00edsicas para se fazer em casa | Dr. Antonio Carlos de Souza | Angiomedi\">\t\n\t\t\t\t\t\t\t\t\t\t\t\t\t<\/div>\n\t\t\t\t\t<\/div>\n\t\t\t\t\t\t\t\t\t\t\t<h3 class=\"yotu-video-title\">Atividades f\u00edsicas para se fazer em casa | Dr. Antonio Carlos de Souza | Angiomedi<\/h3>\n\t\t\t\t\t\t\t\t\t\t\t\t\t\t\t\t\t\t\t\t\t<div class=\"yotu-video-description\"><\/div>\n\t\t\t\t\t\t\t\t\t<\/a>\n\t\t\t\t\t\t\t<\/li>\n\t\t\t\t\n\t\t\t\t<\/ul>\n<\/div><div class=\"yotu-pagination yotu-pager_layout-center_no_text yotu-pagination-bottom\">\n<a href=\"#\" class=\"yotu-pagination-prev yotu-button-prs yotu-button-prs-1\" data-page=\"prev\">Prev<\/a>\n<span class=\"yotu-pagination-current\">1<\/span> <span>of<\/span> <span class=\"yotu-pagination-total\">10<\/span>\n<a href=\"#\" class=\"yotu-pagination-next yotu-button-prs yotu-button-prs-1\" data-page=\"next\">Next<\/a>\n<\/div>\n\t\t\t\t<\/div>\n\t\t\t<\/div>\n\t\t\t\n","protected":false},"excerpt":{"rendered":"Prev 1 of 10 Next Conhe\u00e7a a Cl\u00ednica Angiomedi | Especialista em tratamento vascular POR QUE FICAR EM CASA NEM SEMPRE \u00c9 A MELHOR OP\u00c7\u00c3O FUNCIONAMENTO DA ANGIOMEDI NA PANDEMIA CORONAV\u00cdRUS: QUEM CORRE MAIS RISCO? Transmiss\u00e3o ao vivo de Angiomedi Cl\u00ednica Atividades f\u00edsicas para se fazer em casa | Dr. Antonio Carlos de Souza |...","protected":false},"author":1,"featured_media":0,"parent":0,"menu_order":0,"comment_status":"closed","ping_status":"closed","template":"","meta":{"footnotes":""},"class_list":["post-23316","page","type-page","status-publish","hentry"],"_links":{"self":[{"href":"https:\/\/angiomedi.com.br\/home\/wp-json\/wp\/v2\/pages\/23316","targetHints":{"allow":["GET"]}}],"collection":[{"href":"https:\/\/angiomedi.com.br\/home\/wp-json\/wp\/v2\/pages"}],"about":[{"href":"https:\/\/angiomedi.com.br\/home\/wp-json\/wp\/v2\/types\/page"}],"author":[{"embeddable":true,"href":"https:\/\/angiomedi.com.br\/home\/wp-json\/wp\/v2\/users\/1"}],"replies":[{"embeddable":true,"href":"https:\/\/angiomedi.com.br\/home\/wp-json\/wp\/v2\/comments?post=23316"}],"version-history":[{"count":4,"href":"https:\/\/angiomedi.com.br\/home\/wp-json\/wp\/v2\/pages\/23316\/revisions"}],"predecessor-version":[{"id":24880,"href":"https:\/\/angiomedi.com.br\/home\/wp-json\/wp\/v2\/pages\/23316\/revisions\/24880"}],"wp:attachment":[{"href":"https:\/\/angiomedi.com.br\/home\/wp-json\/wp\/v2\/media?parent=23316"}],"curies":[{"name":"wp","href":"https:\/\/api.w.org\/{rel}","templated":true}]}}