{"id":24742,"date":"2020-06-29T09:26:14","date_gmt":"2020-06-29T12:26:14","guid":{"rendered":"https:\/\/angiomedi.com.br\/home\/?page_id=24742"},"modified":"2024-02-05T21:01:03","modified_gmt":"2024-02-06T00:01:03","slug":"politica-de-privacidade","status":"publish","type":"page","link":"https:\/\/angiomedi.com.br\/home\/politica-de-privacidade\/","title":{"rendered":"Pol\u00edtica de privacidade"},"content":{"rendered":"<section class=\"l-section wpb_row height_medium\"><div class=\"l-section-h i-cf\"><div class=\"g-cols vc_row via_flex valign_top type_default stacking_default\"><div class=\"vc_col-sm-12 wpb_column vc_column_container\"><div class=\"vc_column-inner\"><div class=\"wpb_wrapper\"><div class=\"g-cols wpb_row via_flex valign_top type_default stacking_default\"><div class=\"vc_col-sm-12 wpb_column vc_column_container\"><div class=\"vc_column-inner\"><div class=\"wpb_wrapper\"><div class=\"wpb_text_column\"><div class=\"wpb_wrapper\"><h2><strong>Pol\u00edtica de privacidade<\/strong><\/h2>\n<h4><b>1. Introdu\u00e7\u00e3o<\/b><\/h4>\n<p style=\"text-align: justify;\">A Angiomedi tem como valor a transpar\u00eancia no relacionamento com seus clientes sa\u00fade. Por isso, informamos que coletamos dados pessoais dos visitantes deste site para tornar a experi\u00eancia do usu\u00e1rio mais produtiva e agrad\u00e1vel.<\/p>\n<p style=\"text-align: justify;\">Garantimos que todos os dados s\u00e3o coletados e tratados em concord\u00e2ncia com a Lei Geral de Prote\u00e7\u00e3o de Dados Pessoais, de 14 de agosto de 2018 (<a href=\"http:\/\/www.planalto.gov.br\/ccivil_03\/_ato2015-2018\/2018\/lei\/L13709.htm\">Lei N.\u00ba 13.709\/18<\/a>).<\/p>\n<p style=\"text-align: justify;\">Nesta pol\u00edtica de privacidade, explicamos como coletamos e protegemos essas informa\u00e7\u00f5es, bem como quais s\u00e3o os direitos do usu\u00e1rio sobre seus dados coletados ou informados.<\/p>\n<p style=\"text-align: justify;\">Se a sua d\u00favida n\u00e3o for esclarecida nesta pol\u00edtica, entre em contato conosco pelo seguinte e-mail:\u00a0<a href=\"mailto:atendimento@agenciarizzo.com.br\">atendimento@agenciarizzo.com.br<\/a>.<\/p>\n<div class=\"wpb_text_column\">\n<div class=\"wpb_wrapper\">\n<h4><b>2. Dados pessoais<\/b><\/h4>\n<p style=\"text-align: justify;\">S\u00e3o considerados dados pessoais todas as informa\u00e7\u00f5es que permitem identificar o visitante, como nome, data de nascimento, e-mail, n\u00famero de telefone, n\u00famero de celular, localiza\u00e7\u00e3o etc. Esses dados podem ser coletados quando voc\u00ea navega neste site ou preenche os formul\u00e1rios contidos aqui.<\/p>\n<p style=\"text-align: justify;\">N\u00f3s coletamos os dados para aprimorar nossos servi\u00e7os e estabelecer uma comunica\u00e7\u00e3o com o usu\u00e1rio. Caso voc\u00ea opte por n\u00e3o fornec\u00ea-los, poder\u00e1 ocorrer uma limita\u00e7\u00e3o no acesso do site.<\/p>\n<\/div>\n<\/div>\n<div class=\"wpb_text_column\">\n<div class=\"wpb_wrapper\">\n<p><b>2.1 Informa\u00e7\u00f5es que coletamos automaticamente<\/b><\/p>\n<p style=\"text-align: justify;\">Quando voc\u00ea acessa nosso site, recebemos automaticamente dados t\u00e9cnicos que nos ajudem a aprender sobre seu navegador e sistema operacional. S\u00e3o eles: endere\u00e7o IP (Internet Protocol), tipo e vers\u00e3o do navegador e sistema operacional utilizado para acesso.<\/p>\n<p><b>\u00a02.2 Informa\u00e7\u00f5es que o usu\u00e1rio nos fornece<\/b><\/p>\n<p style=\"text-align: justify;\">Quando voc\u00ea preenche algum formul\u00e1rio deste site, coletamos os dados informados como nome, e-mail e telefone. O envio de e-mails marketing ser\u00e1 realizado apenas caso o usu\u00e1rio permita.<\/p>\n<h4><b>3. Consentimento<\/b><\/h4>\n<p style=\"text-align: justify;\">Obtemos seu consentimento quando voc\u00ea aceita nossa pol\u00edtica de privacidade ao acessar o site ou preencher algum formul\u00e1rio. Ap\u00f3s a realiza\u00e7\u00e3o da a\u00e7\u00e3o, entendemos que voc\u00ea est\u00e1 de acordo com a coleta de dados da nossa empresa.<\/p>\n<p style=\"text-align: justify;\">No entanto, o titular dos dados tem o direito de, a qualquer momento, acessar, corrigir, solicitar exclus\u00e3o, solicitar portabilidade, solicitar informa\u00e7\u00f5es de compartilhamento e revogar o consentimento sobre as informa\u00e7\u00f5es coletadas.<\/p>\n<p style=\"text-align: justify;\">Para isso, voc\u00ea pode entrar em contato conosco pelo e-mail <a href=\"mailto:atendimento@agenciarizzo.com.br\">atendimento@agenciarizzo.com.br<\/a> ou enviando-nos uma correspond\u00eancia para SGAS 607, Centro Cl\u00ednico Metr\u00f3polis, Sala 115, Asa Sul, Bras\u00edlia-DF, 70.200-670.<\/p>\n<h4><b>4. Seguran\u00e7a<\/b><\/h4>\n<p style=\"text-align: justify;\">Para proteger suas informa\u00e7\u00f5es pessoais, tomamos precau\u00e7\u00f5es e seguimos as melhores pr\u00e1ticas da \u00e1rea para nos certificar de os dados n\u00e3o ser\u00e3o perdidos, usurpados, acessados, divulgados, alterados nem destru\u00eddos inadequadamente.<\/p>\n<p style=\"text-align: justify;\">Em nenhuma hip\u00f3tese vendemos os dos dados que voc\u00ea nos fornece. Quando necess\u00e1rio, seus dados ser\u00e3o compartilhados com empresas que prestam servi\u00e7os para n\u00f3s, como ag\u00eancias de marketing. Mas podemos divulgar suas informa\u00e7\u00f5es pessoais caso sejamos obrigados por lei.<\/p>\n<p style=\"text-align: justify;\">Os dados s\u00e3o mantidos enquanto forem \u00fateis para cumprir o prop\u00f3sito para o qual foram coletados. Eles estar\u00e3o em ambiente seguro e controlado e podem ser acessados somente por profissionais autorizados. Abaixo, confira os dados do controlador, a quem compete as decis\u00f5es sobre o tratamento das informa\u00e7\u00f5es:<\/p>\n<p><strong>Nome:<\/strong> CL\u00cdNICA ANGIOMEDI S\/C LTDA<br \/>\n<strong>Endere\u00e7o:<\/strong> SGAS 607, Centro Cl\u00ednico Metr\u00f3polis, Sala 115, Asa Sul, Bras\u00edlia-DF, 70.200-670<br \/>\n<strong>CNPJ:<\/strong> 05.270.535\/0001-04<\/p>\n<h4><b>5. Links de terceiros<\/b><\/h4>\n<p style=\"text-align: justify;\">Quando voc\u00ea clica em links, plugins e aplicativos em nosso site, est\u00e1 exposto a pol\u00edticas de privacidade de terceiros, \u00e0s quais n\u00e3o possu\u00edmos controle. Por isso, n\u00f3s o incentivamos a tamb\u00e9m ler as declara\u00e7\u00f5es de privacidade deles.<\/p>\n<h4><b>6. Altera\u00e7\u00f5es na pol\u00edtica de privacidade<\/b><\/h4>\n<p style=\"text-align: justify;\">Reservamos o direito de modificar esta pol\u00edtica de privacidade a qualquer momento. Dessa forma, pedimos que a revise com frequ\u00eancia. Caso autorize, podemos avis\u00e1-lo por e-mail sobre as altera\u00e7\u00f5es realizadas.<\/p>\n<p style=\"text-align: justify;\">A data de atualiza\u00e7\u00e3o se encontrar\u00e1 sempre no cabe\u00e7alho desta pol\u00edtica. As vers\u00f5es anteriores podem ser acessadas no mesmo local ou solicitadas pelo e-mail <a href=\"mailto:atendimento@agenciarizzo.com.br\">atendimento@agenciarizzo.com.br<\/a>.<\/p>\n<\/div>\n<\/div>\n<\/div><\/div><\/div><\/div><\/div><\/div><\/div><\/div><\/div><\/div><\/div><\/section>\n","protected":false},"excerpt":{"rendered":"Pol\u00edtica de privacidade 1. Introdu\u00e7\u00e3o A Angiomedi tem como valor a transpar\u00eancia no relacionamento com seus clientes sa\u00fade. Por isso, informamos que coletamos dados pessoais dos visitantes deste site para tornar a experi\u00eancia do usu\u00e1rio mais produtiva e agrad\u00e1vel. Garantimos que todos os dados s\u00e3o coletados e tratados em concord\u00e2ncia com a Lei Geral de...","protected":false},"author":1,"featured_media":0,"parent":0,"menu_order":0,"comment_status":"closed","ping_status":"closed","template":"","meta":{"footnotes":""},"class_list":["post-24742","page","type-page","status-publish","hentry"],"_links":{"self":[{"href":"https:\/\/angiomedi.com.br\/home\/wp-json\/wp\/v2\/pages\/24742","targetHints":{"allow":["GET"]}}],"collection":[{"href":"https:\/\/angiomedi.com.br\/home\/wp-json\/wp\/v2\/pages"}],"about":[{"href":"https:\/\/angiomedi.com.br\/home\/wp-json\/wp\/v2\/types\/page"}],"author":[{"embeddable":true,"href":"https:\/\/angiomedi.com.br\/home\/wp-json\/wp\/v2\/users\/1"}],"replies":[{"embeddable":true,"href":"https:\/\/angiomedi.com.br\/home\/wp-json\/wp\/v2\/comments?post=24742"}],"version-history":[{"count":22,"href":"https:\/\/angiomedi.com.br\/home\/wp-json\/wp\/v2\/pages\/24742\/revisions"}],"predecessor-version":[{"id":29246,"href":"https:\/\/angiomedi.com.br\/home\/wp-json\/wp\/v2\/pages\/24742\/revisions\/29246"}],"wp:attachment":[{"href":"https:\/\/angiomedi.com.br\/home\/wp-json\/wp\/v2\/media?parent=24742"}],"curies":[{"name":"wp","href":"https:\/\/api.w.org\/{rel}","templated":true}]}}