{"id":29015,"date":"2024-01-31T11:47:00","date_gmt":"2024-01-31T14:47:00","guid":{"rendered":"https:\/\/angiomedi.com.br\/home\/?page_id=29015"},"modified":"2024-02-02T12:33:47","modified_gmt":"2024-02-02T15:33:47","slug":"dr-marcel-bonetti","status":"publish","type":"page","link":"https:\/\/angiomedi.com.br\/home\/dr-marcel-bonetti\/","title":{"rendered":"Dr. Marcel Bonetti"},"content":{"rendered":"<section class=\"l-section wpb_row height_huge\"><div class=\"l-section-h i-cf\"><div class=\"g-cols vc_row via_flex valign_top type_default stacking_default\"><div class=\"vc_col-sm-12 wpb_column vc_column_container\"><div class=\"vc_column-inner\"><div class=\"wpb_wrapper\"><div class=\"g-cols wpb_row via_flex valign_middle type_default stacking_default\"><div class=\"vc_col-sm-6 wpb_column vc_column_container\"><div class=\"vc_column-inner\"><div class=\"wpb_wrapper\"><div class=\"wpb_text_column\"><div class=\"wpb_wrapper\"><h2 style=\"text-align: justify;\"><b>Angiologista e Cirurgi\u00e3o Vascular<\/b><\/h2>\n<p style=\"text-align: justify;\">CRM-DF 10958; RQE 11317<\/p>\n<p style=\"text-align: justify;\"><i class=\"fas fa-dot-circle\"><\/i>Gradua\u00e7\u00e3o em Medicina pela Universidade do Triangulo Mineiro (1998).<br \/>\n<i class=\"fas fa-dot-circle\"><\/i>Cursou Resid\u00eancia M\u00e9dica em Cirurgia Geral no Hospital Santa Marcelina em S\u00e3o Paulo e em Cirurgia Vascular Perif\u00e9rica na Universidade Cat\u00f3lica de S\u00e3o Paulo.<br \/>\n<i class=\"fas fa-dot-circle\"><\/i>Especialista em Cirurgia Vascular Perif\u00e9rica pela Sociedade Brasileira de Angiologia e Cirurgia Vascular da qual \u00e9 Membro Efetivo.<br \/>\n<i class=\"fas fa-dot-circle\"><\/i>Atualmente atua como cirurgi\u00e3o vascular na Secretaria de Sa\u00fade do Distrito Federal, no Hospital das For\u00e7as Armadas e faz parte do corpo cl\u00ednico da Angiomedi.<\/p>\n<\/div><\/div><\/div><\/div><\/div><div class=\"vc_col-sm-6 wpb_column vc_column_container\"><div class=\"vc_column-inner\"><div class=\"wpb_wrapper\"><div class=\"w-image us_custom_04570ec2 align_none\"><div class=\"w-image-h\"><img loading=\"lazy\" decoding=\"async\" width=\"1012\" height=\"1024\" src=\"https:\/\/angiomedi.com.br\/home\/wp-content\/uploads\/2019\/06\/IMG_8160_FotoElianeDiscacciati-1-1012x1024.jpg\" class=\"attachment-large size-large\" alt=\"\" srcset=\"https:\/\/angiomedi.com.br\/home\/wp-content\/uploads\/2019\/06\/IMG_8160_FotoElianeDiscacciati-1-1012x1024.jpg 1012w, https:\/\/angiomedi.com.br\/home\/wp-content\/uploads\/2019\/06\/IMG_8160_FotoElianeDiscacciati-1-296x300.jpg 296w\" sizes=\"auto, (max-width: 1012px) 100vw, 1012px\" \/><\/div><\/div><\/div><\/div><\/div><\/div><\/div><\/div><\/div><\/div><\/div><\/section>\n","protected":false},"excerpt":{"rendered":"Angiologista e Cirurgi\u00e3o Vascular CRM-DF 10958; RQE 11317 Gradua\u00e7\u00e3o em Medicina pela Universidade do Triangulo Mineiro (1998). Cursou Resid\u00eancia M\u00e9dica em Cirurgia Geral no Hospital Santa Marcelina em S\u00e3o Paulo e em Cirurgia Vascular Perif\u00e9rica na Universidade Cat\u00f3lica de S\u00e3o Paulo. Especialista em Cirurgia Vascular Perif\u00e9rica pela Sociedade Brasileira de Angiologia e Cirurgia Vascular da...","protected":false},"author":1,"featured_media":28998,"parent":0,"menu_order":0,"comment_status":"closed","ping_status":"closed","template":"","meta":{"footnotes":""},"class_list":["post-29015","page","type-page","status-publish","has-post-thumbnail","hentry"],"_links":{"self":[{"href":"https:\/\/angiomedi.com.br\/home\/wp-json\/wp\/v2\/pages\/29015","targetHints":{"allow":["GET"]}}],"collection":[{"href":"https:\/\/angiomedi.com.br\/home\/wp-json\/wp\/v2\/pages"}],"about":[{"href":"https:\/\/angiomedi.com.br\/home\/wp-json\/wp\/v2\/types\/page"}],"author":[{"embeddable":true,"href":"https:\/\/angiomedi.com.br\/home\/wp-json\/wp\/v2\/users\/1"}],"replies":[{"embeddable":true,"href":"https:\/\/angiomedi.com.br\/home\/wp-json\/wp\/v2\/comments?post=29015"}],"version-history":[{"count":5,"href":"https:\/\/angiomedi.com.br\/home\/wp-json\/wp\/v2\/pages\/29015\/revisions"}],"predecessor-version":[{"id":29174,"href":"https:\/\/angiomedi.com.br\/home\/wp-json\/wp\/v2\/pages\/29015\/revisions\/29174"}],"wp:featuredmedia":[{"embeddable":true,"href":"https:\/\/angiomedi.com.br\/home\/wp-json\/wp\/v2\/media\/28998"}],"wp:attachment":[{"href":"https:\/\/angiomedi.com.br\/home\/wp-json\/wp\/v2\/media?parent=29015"}],"curies":[{"name":"wp","href":"https:\/\/api.w.org\/{rel}","templated":true}]}}