{"id":29093,"date":"2024-02-01T10:25:39","date_gmt":"2024-02-01T13:25:39","guid":{"rendered":"https:\/\/angiomedi.com.br\/home\/?page_id=29093"},"modified":"2024-02-05T18:03:19","modified_gmt":"2024-02-05T21:03:19","slug":"linfedema","status":"publish","type":"page","link":"https:\/\/angiomedi.com.br\/home\/linfedema\/","title":{"rendered":"Tratamento de linfedema em Bras\u00edlia"},"content":{"rendered":"<section class=\"l-section wpb_row height_large\"><div class=\"l-section-h i-cf\"><div class=\"g-cols vc_row via_flex valign_top type_default stacking_default\"><div class=\"vc_col-sm-12 wpb_column vc_column_container\"><div class=\"vc_column-inner\"><div class=\"wpb_wrapper\"><div class=\"g-cols wpb_row via_flex valign_top type_default stacking_default\"><div class=\"vc_col-sm-12 wpb_column vc_column_container\"><div class=\"vc_column-inner\"><div class=\"wpb_wrapper\"><div class=\"wpb_text_column\"><div class=\"wpb_wrapper\"><h2><b>O que \u00e9?<\/b><\/h2>\n<p style=\"text-align: justify;\"><span style=\"font-weight: 400;\">O Tratamento de Linfedema refere-se a diversas estrat\u00e9gias m\u00e9dicas e terap\u00eauticas destinadas a gerenciar e reduzir o ac\u00famulo anormal de linfa, geralmente nas extremidades, causando incha\u00e7o persistente. O linfedema pode ocorrer devido a danos no sistema linf\u00e1tico, impedindo o fluxo adequado de fluidos.<\/span><\/p>\n<\/div><\/div><\/div><\/div><\/div><\/div><\/div><\/div><\/div><\/div><\/div><\/section><section class=\"l-section wpb_row height_huge color_alternate\"><div class=\"l-section-h i-cf\"><div class=\"g-cols vc_row via_flex valign_top type_default stacking_default\"><div class=\"vc_col-sm-12 wpb_column vc_column_container\"><div class=\"vc_column-inner\"><div class=\"wpb_wrapper\"><div class=\"g-cols wpb_row via_flex valign_top type_default stacking_default\"><div class=\"vc_col-sm-12 wpb_column vc_column_container\"><div class=\"vc_column-inner\"><div class=\"wpb_wrapper\"><div class=\"wpb_text_column\"><div class=\"wpb_wrapper\"><h2><b>Quais s\u00e3o as indica\u00e7\u00f5es?<\/b><\/h2>\n<p><i class=\"far fa-circle\"><\/i><span style=\"font-weight: 400;\">Diagn\u00f3stico confirmado de linfedema;<br \/>\n<i class=\"far fa-circle\"><\/i><\/span><span style=\"font-weight: 400;\">Incha\u00e7o persistente em uma ou mais extremidades;<br \/>\n<i class=\"far fa-circle\"><\/i><\/span><span style=\"font-weight: 400;\">Hist\u00f3rico de cirurgias, radioterapia ou outras condi\u00e7\u00f5es que afetam o sistema linf\u00e1tico;<br \/>\n<i class=\"far fa-circle\"><\/i><\/span><span style=\"font-weight: 400;\">Redu\u00e7\u00e3o da mobilidade devido ao incha\u00e7o;<br \/>\n<i class=\"far fa-circle\"><\/i><\/span><span style=\"font-weight: 400;\">Necessidade de controle e melhoria na qualidade de vida.<\/span><\/p>\n<\/div><\/div><\/div><\/div><\/div><\/div><\/div><\/div><\/div><\/div><\/div><\/section>\n","protected":false},"excerpt":{"rendered":"O que \u00e9? O Tratamento de Linfedema refere-se a diversas estrat\u00e9gias m\u00e9dicas e terap\u00eauticas destinadas a gerenciar e reduzir o ac\u00famulo anormal de linfa, geralmente nas extremidades, causando incha\u00e7o persistente. O linfedema pode ocorrer devido a danos no sistema linf\u00e1tico, impedindo o fluxo adequado de fluidos. Quais s\u00e3o as indica\u00e7\u00f5es? Diagn\u00f3stico confirmado de linfedema; Incha\u00e7o...","protected":false},"author":1,"featured_media":29086,"parent":0,"menu_order":0,"comment_status":"closed","ping_status":"closed","template":"","meta":{"footnotes":""},"class_list":["post-29093","page","type-page","status-publish","has-post-thumbnail","hentry"],"_links":{"self":[{"href":"https:\/\/angiomedi.com.br\/home\/wp-json\/wp\/v2\/pages\/29093","targetHints":{"allow":["GET"]}}],"collection":[{"href":"https:\/\/angiomedi.com.br\/home\/wp-json\/wp\/v2\/pages"}],"about":[{"href":"https:\/\/angiomedi.com.br\/home\/wp-json\/wp\/v2\/types\/page"}],"author":[{"embeddable":true,"href":"https:\/\/angiomedi.com.br\/home\/wp-json\/wp\/v2\/users\/1"}],"replies":[{"embeddable":true,"href":"https:\/\/angiomedi.com.br\/home\/wp-json\/wp\/v2\/comments?post=29093"}],"version-history":[{"count":6,"href":"https:\/\/angiomedi.com.br\/home\/wp-json\/wp\/v2\/pages\/29093\/revisions"}],"predecessor-version":[{"id":29095,"href":"https:\/\/angiomedi.com.br\/home\/wp-json\/wp\/v2\/pages\/29093\/revisions\/29095"}],"wp:featuredmedia":[{"embeddable":true,"href":"https:\/\/angiomedi.com.br\/home\/wp-json\/wp\/v2\/media\/29086"}],"wp:attachment":[{"href":"https:\/\/angiomedi.com.br\/home\/wp-json\/wp\/v2\/media?parent=29093"}],"curies":[{"name":"wp","href":"https:\/\/api.w.org\/{rel}","templated":true}]}}