{"id":29099,"date":"2024-02-01T11:08:34","date_gmt":"2024-02-01T14:08:34","guid":{"rendered":"https:\/\/angiomedi.com.br\/home\/?page_id=29099"},"modified":"2024-02-05T18:02:56","modified_gmt":"2024-02-05T21:02:56","slug":"check-up-vascular","status":"publish","type":"page","link":"https:\/\/angiomedi.com.br\/home\/check-up-vascular\/","title":{"rendered":"Check-up vascular em Bras\u00edlia"},"content":{"rendered":"<section class=\"l-section wpb_row height_large\"><div class=\"l-section-h i-cf\"><div class=\"g-cols vc_row via_flex valign_top type_default stacking_default\"><div class=\"vc_col-sm-12 wpb_column vc_column_container\"><div class=\"vc_column-inner\"><div class=\"wpb_wrapper\"><div class=\"g-cols wpb_row via_flex valign_top type_default stacking_default\"><div class=\"vc_col-sm-12 wpb_column vc_column_container\"><div class=\"vc_column-inner\"><div class=\"wpb_wrapper\"><div class=\"wpb_text_column\"><div class=\"wpb_wrapper\"><h2><b>O que \u00e9?<\/b><\/h2>\n<p style=\"text-align: justify;\"><span style=\"font-weight: 400;\">O Check-up Vascular \u00e9 uma avalia\u00e7\u00e3o destinada a examinar a sa\u00fade do sistema vascular, que inclui art\u00e9rias e veias. Esse procedimento visa detectar precocemente poss\u00edveis problemas vasculares, promovendo a preven\u00e7\u00e3o e o tratamento adequado.<\/span><\/p>\n<\/div><\/div><\/div><\/div><\/div><\/div><\/div><\/div><\/div><\/div><\/div><\/section><section class=\"l-section wpb_row height_huge color_alternate\"><div class=\"l-section-h i-cf\"><div class=\"g-cols vc_row via_flex valign_top type_default stacking_default\"><div class=\"vc_col-sm-12 wpb_column vc_column_container\"><div class=\"vc_column-inner\"><div class=\"wpb_wrapper\"><div class=\"g-cols wpb_row via_flex valign_top type_default stacking_default\"><div class=\"vc_col-sm-12 wpb_column vc_column_container\"><div class=\"vc_column-inner\"><div class=\"wpb_wrapper\"><div class=\"wpb_text_column\"><div class=\"wpb_wrapper\"><h2><b>Quais s\u00e3o as indica\u00e7\u00f5es?<\/b><\/h2>\n<p><i class=\"far fa-circle\"><\/i><span style=\"font-weight: 400;\">Idade avan\u00e7ada, especialmente acima de 50 anos;<br \/>\n<i class=\"far fa-circle\"><\/i><\/span><span style=\"font-weight: 400;\">Hist\u00f3rico familiar de doen\u00e7as vasculares;<br \/>\n<i class=\"far fa-circle\"><\/i><\/span><span style=\"font-weight: 400;\">Fatores de risco, como tabagismo, hipertens\u00e3o e diabetes;<br \/>\n<i class=\"far fa-circle\"><\/i><\/span><span style=\"font-weight: 400;\">Presen\u00e7a de sintomas vasculares, como dor nas pernas, incha\u00e7o ou \u00falceras;<br \/>\n<i class=\"far fa-circle\"><\/i><\/span><span style=\"font-weight: 400;\">Planejamento de interven\u00e7\u00f5es cir\u00fargicas ou procedimentos invasivos.<\/span><\/p>\n<\/div><\/div><\/div><\/div><\/div><\/div><\/div><\/div><\/div><\/div><\/div><\/section><section class=\"l-section wpb_row height_huge\"><div class=\"l-section-h i-cf\"><div class=\"g-cols vc_row via_flex valign_top type_default stacking_default\"><div class=\"vc_col-sm-12 wpb_column vc_column_container\"><div class=\"vc_column-inner\"><div class=\"wpb_wrapper\"><div class=\"g-cols wpb_row via_flex valign_top type_default stacking_default\"><div class=\"vc_col-sm-12 wpb_column vc_column_container\"><div class=\"vc_column-inner\"><div class=\"wpb_wrapper\"><div class=\"wpb_text_column\"><div class=\"wpb_wrapper\"><h2><b>Procedimentos associados:<\/b><\/h2>\n<p><i class=\"far fa-circle\"><\/i><span style=\"font-weight: 400;\">Avalia\u00e7\u00e3o do fluxo sangu\u00edneo por ultrassonografia Doppler;<br \/>\n<i class=\"far fa-circle\"><\/i><\/span><span style=\"font-weight: 400;\">Medi\u00e7\u00e3o da press\u00e3o arterial nos membros;<br \/>\n<i class=\"far fa-circle\"><\/i><\/span><span style=\"font-weight: 400;\">Exames de imagem, como angiografia, quando necess\u00e1rio.<\/span><\/p>\n<\/div><\/div><\/div><\/div><\/div><\/div><\/div><\/div><\/div><\/div><\/div><\/section>\n","protected":false},"excerpt":{"rendered":"O que \u00e9? O Check-up Vascular \u00e9 uma avalia\u00e7\u00e3o destinada a examinar a sa\u00fade do sistema vascular, que inclui art\u00e9rias e veias. Esse procedimento visa detectar precocemente poss\u00edveis problemas vasculares, promovendo a preven\u00e7\u00e3o e o tratamento adequado. Quais s\u00e3o as indica\u00e7\u00f5es? Idade avan\u00e7ada, especialmente acima de 50 anos; Hist\u00f3rico familiar de doen\u00e7as vasculares; Fatores de...","protected":false},"author":1,"featured_media":29085,"parent":0,"menu_order":0,"comment_status":"closed","ping_status":"closed","template":"","meta":{"footnotes":""},"class_list":["post-29099","page","type-page","status-publish","has-post-thumbnail","hentry"],"_links":{"self":[{"href":"https:\/\/angiomedi.com.br\/home\/wp-json\/wp\/v2\/pages\/29099","targetHints":{"allow":["GET"]}}],"collection":[{"href":"https:\/\/angiomedi.com.br\/home\/wp-json\/wp\/v2\/pages"}],"about":[{"href":"https:\/\/angiomedi.com.br\/home\/wp-json\/wp\/v2\/types\/page"}],"author":[{"embeddable":true,"href":"https:\/\/angiomedi.com.br\/home\/wp-json\/wp\/v2\/users\/1"}],"replies":[{"embeddable":true,"href":"https:\/\/angiomedi.com.br\/home\/wp-json\/wp\/v2\/comments?post=29099"}],"version-history":[{"count":3,"href":"https:\/\/angiomedi.com.br\/home\/wp-json\/wp\/v2\/pages\/29099\/revisions"}],"predecessor-version":[{"id":29235,"href":"https:\/\/angiomedi.com.br\/home\/wp-json\/wp\/v2\/pages\/29099\/revisions\/29235"}],"wp:featuredmedia":[{"embeddable":true,"href":"https:\/\/angiomedi.com.br\/home\/wp-json\/wp\/v2\/media\/29085"}],"wp:attachment":[{"href":"https:\/\/angiomedi.com.br\/home\/wp-json\/wp\/v2\/media?parent=29099"}],"curies":[{"name":"wp","href":"https:\/\/api.w.org\/{rel}","templated":true}]}}