{"id":80,"date":"2019-05-22T13:58:51","date_gmt":"2019-05-22T13:58:51","guid":{"rendered":"https:\/\/angiomedi.com.br\/home\/?page_id=80"},"modified":"2024-02-05T18:09:04","modified_gmt":"2024-02-05T21:09:04","slug":"orientacoes","status":"publish","type":"page","link":"https:\/\/angiomedi.com.br\/home\/orientacoes\/","title":{"rendered":"Orienta\u00e7\u00f5es"},"content":{"rendered":"<section class=\"l-section wpb_row height_large\"><div class=\"l-section-h i-cf\"><div class=\"g-cols vc_row via_flex valign_top type_default stacking_default\"><div class=\"vc_col-sm-12 wpb_column vc_column_container\"><div class=\"vc_column-inner\"><div class=\"wpb_wrapper\"><div class=\"g-cols wpb_row via_flex valign_top type_default stacking_default\"><div class=\"vc_col-sm-12 wpb_column vc_column_container\"><div class=\"vc_column-inner\"><div class=\"wpb_wrapper\"><div class=\"w-text us_custom_c799d273 has_text_color\"><span class=\"w-text-h\"><span class=\"w-text-value\">Cirurgia de Varizes: O que voc\u00ea precisa saber?<\/span><\/span><\/div><div class=\"w-separator size_small\"><\/div><div class=\"wpb_text_column\"><div class=\"wpb_wrapper\"><h2><strong>A cirurgia \u00e9 obrigat\u00f3ria para mim?<\/strong><\/h2>\n<p style=\"text-align: justify;\"><span style=\"font-weight: 400;\">N\u00e3o, a cirurgia n\u00e3o \u00e9 imperativa na maioria dos casos. Geralmente, \u00e9 recomendada em situa\u00e7\u00f5es espec\u00edficas, como varizes volumosas ou quando sintomas persistem apesar do tratamento cl\u00ednico bem-sucedido.<\/span><\/p>\n<\/div><\/div><\/div><\/div><\/div><\/div><\/div><\/div><\/div><\/div><\/div><\/section><section class=\"l-section wpb_row height_huge color_alternate\"><div class=\"l-section-h i-cf\"><div class=\"g-cols vc_row via_flex valign_top type_default stacking_default\"><div class=\"vc_col-sm-12 wpb_column vc_column_container\"><div class=\"vc_column-inner\"><div class=\"wpb_wrapper\"><div class=\"g-cols wpb_row via_flex valign_top type_default stacking_default\"><div class=\"vc_col-sm-12 wpb_column vc_column_container\"><div class=\"vc_column-inner\"><div class=\"wpb_wrapper\"><div class=\"wpb_text_column\"><div class=\"wpb_wrapper\"><h2><b>Quais complica\u00e7\u00f5es podem surgir se as varizes n\u00e3o forem tratadas?<\/b><\/h2>\n<p style=\"text-align: justify;\"><span style=\"font-weight: 400;\">Varizes n\u00e3o tratadas podem levar a \u00falceras varicosas, sangramento e flebites (co\u00e1gulos sangu\u00edneos nas veias). \u00c9 crucial identificar essas complica\u00e7\u00f5es a tempo para evitar problemas mais s\u00e9rios.<\/span><\/p>\n<\/div><\/div><\/div><\/div><\/div><\/div><\/div><\/div><\/div><\/div><\/div><\/section><section class=\"l-section wpb_row height_huge\"><div class=\"l-section-h i-cf\"><div class=\"g-cols vc_row via_flex valign_top type_default stacking_default\"><div class=\"vc_col-sm-12 wpb_column vc_column_container\"><div class=\"vc_column-inner\"><div class=\"wpb_wrapper\"><div class=\"g-cols wpb_row via_flex valign_top type_default stacking_default\"><div class=\"vc_col-sm-12 wpb_column vc_column_container\"><div class=\"vc_column-inner\"><div class=\"wpb_wrapper\"><div class=\"wpb_text_column\"><div class=\"wpb_wrapper\"><h2><b>A cirurgia de varizes deixa cicatrizes vis\u00edveis?<\/b><\/h2>\n<p style=\"text-align: justify;\"><span style=\"font-weight: 400;\">As cicatrizes deixaram de ser um problema significativo devido \u00e0s incis\u00f5es cada vez menores. Algumas pessoas podem ter tend\u00eancia a queloides, mas geralmente isso \u00e9 discutido durante a consulta.<\/span><\/p>\n<\/div><\/div><\/div><\/div><\/div><\/div><\/div><\/div><\/div><\/div><\/div><\/section><section class=\"l-section wpb_row height_huge color_alternate\"><div class=\"l-section-h i-cf\"><div class=\"g-cols vc_row via_flex valign_top type_default stacking_default\"><div class=\"vc_col-sm-12 wpb_column vc_column_container\"><div class=\"vc_column-inner\"><div class=\"wpb_wrapper\"><div class=\"g-cols wpb_row via_flex valign_top type_default stacking_default\"><div class=\"vc_col-sm-12 wpb_column vc_column_container\"><div class=\"vc_column-inner\"><div class=\"wpb_wrapper\"><div class=\"wpb_text_column\"><div class=\"wpb_wrapper\"><h2 style=\"text-align: justify;\"><b>Como devo me preparar para o dia da cirurgia?<\/b><\/h2>\n<p style=\"text-align: justify;\"><span style=\"font-weight: 400;\">A cirurgia \u00e9 realizada em regime ambulatorial. Jejum, marca\u00e7\u00e3o dos trajetos varicosos e discuss\u00e3o com o anestesiologista s\u00e3o procedimentos comuns. A recupera\u00e7\u00e3o inclui repouso, eleva\u00e7\u00e3o das pernas e evitar ficar parado ou sentado por muito tempo.<\/span><\/p>\n<\/div><\/div><\/div><\/div><\/div><\/div><\/div><\/div><\/div><\/div><\/div><\/section><section class=\"l-section wpb_row height_huge\"><div class=\"l-section-h i-cf\"><div class=\"g-cols vc_row via_flex valign_top type_default stacking_default\"><div class=\"vc_col-sm-12 wpb_column vc_column_container\"><div class=\"vc_column-inner\"><div class=\"wpb_wrapper\"><div class=\"g-cols wpb_row via_flex valign_top type_default stacking_default\"><div class=\"vc_col-sm-12 wpb_column vc_column_container\"><div class=\"vc_column-inner\"><div class=\"wpb_wrapper\"><div class=\"wpb_text_column\"><div class=\"wpb_wrapper\"><h2 style=\"text-align: justify;\"><b>Sentirei dores ap\u00f3s a cirurgia de varizes?<\/b><\/h2>\n<p style=\"text-align: justify;\"><span style=\"font-weight: 400;\">Normalmente, sentir\u00e1 uma ard\u00eancia no trajeto das varizes operadas. Evitar ficar muito tempo em p\u00e9 ou sentado ajuda a minimizar o desconforto.<\/span><\/p>\n<\/div><\/div><\/div><\/div><\/div><\/div><\/div><\/div><\/div><\/div><\/div><\/section><section class=\"l-section wpb_row height_huge color_alternate\"><div class=\"l-section-h i-cf\"><div class=\"g-cols vc_row via_flex valign_top type_default stacking_default\"><div class=\"vc_col-sm-12 wpb_column vc_column_container\"><div class=\"vc_column-inner\"><div class=\"wpb_wrapper\"><div class=\"g-cols wpb_row via_flex valign_top type_default stacking_default\"><div class=\"vc_col-sm-12 wpb_column vc_column_container\"><div class=\"vc_column-inner\"><div class=\"wpb_wrapper\"><div class=\"wpb_text_column\"><div class=\"wpb_wrapper\"><h2 style=\"text-align: justify;\"><b>O que posso esperar ao retirar as faixas no dia seguinte da cirurgia?<\/b><\/h2>\n<p style=\"text-align: justify;\"><span style=\"font-weight: 400;\">Manchas roxas, esparadrapo cobrindo incis\u00f5es e nodula\u00e7\u00f5es sob a pele s\u00e3o normais. Fitas n\u00e3o devem ser retiradas, pois funcionam como pontos falsos.<\/span><\/p>\n<\/div><\/div><\/div><\/div><\/div><\/div><\/div><\/div><\/div><\/div><\/div><\/section><section class=\"l-section wpb_row height_huge\"><div class=\"l-section-h i-cf\"><div class=\"g-cols vc_row via_flex valign_top type_default stacking_default\"><div class=\"vc_col-sm-12 wpb_column vc_column_container\"><div class=\"vc_column-inner\"><div class=\"wpb_wrapper\"><div class=\"g-cols wpb_row via_flex valign_top type_default stacking_default\"><div class=\"vc_col-sm-12 wpb_column vc_column_container\"><div class=\"vc_column-inner\"><div class=\"wpb_wrapper\"><div class=\"wpb_text_column\"><div class=\"wpb_wrapper\"><h2 style=\"text-align: justify;\"><b>\u00c9 normal encontrar vasinhos ap\u00f3s a cirurgia de varizes?<\/b><\/h2>\n<p style=\"text-align: justify;\"><span style=\"font-weight: 400;\">Sim, \u00e9 comum notar alguns vasinhos ap\u00f3s a cirurgia. Tratamentos adicionais, como escleroterapia, podem ser realizados para lidar com eles.<\/span><\/p>\n<\/div><\/div><\/div><\/div><\/div><\/div><\/div><\/div><\/div><\/div><\/div><\/section><section class=\"l-section wpb_row height_huge color_alternate\"><div class=\"l-section-h i-cf\"><div class=\"g-cols vc_row via_flex valign_top type_default stacking_default\"><div class=\"vc_col-sm-12 wpb_column vc_column_container\"><div class=\"vc_column-inner\"><div class=\"wpb_wrapper\"><div class=\"g-cols wpb_row via_flex valign_top type_default stacking_default\"><div class=\"vc_col-sm-12 wpb_column vc_column_container\"><div class=\"vc_column-inner\"><div class=\"wpb_wrapper\"><div class=\"wpb_text_column\"><div class=\"wpb_wrapper\"><h2 style=\"text-align: justify;\"><b>Por que \u00e9 necess\u00e1rio retornar ao consult\u00f3rio ap\u00f3s 40 dias da cirurgia?<\/b><\/h2>\n<p style=\"text-align: justify;\"><span style=\"font-weight: 400;\">Neste retorno, ser\u00e3o esclarecidas d\u00favidas, orienta\u00e7\u00f5es ser\u00e3o fornecidas sobre o estilo de vida e poder\u00e1 ser programado o tratamento cosm\u00e9tico dos vasinhos restantes.<\/span><\/p>\n<\/div><\/div><\/div><\/div><\/div><\/div><\/div><\/div><\/div><\/div><\/div><\/section><section class=\"l-section wpb_row height_huge\"><div class=\"l-section-h i-cf\"><div class=\"g-cols vc_row via_flex valign_top type_default stacking_default\"><div class=\"vc_col-sm-12 wpb_column vc_column_container\"><div class=\"vc_column-inner\"><div class=\"wpb_wrapper\"><div class=\"g-cols wpb_row via_flex valign_top type_default stacking_default\"><div class=\"vc_col-sm-12 wpb_column vc_column_container\"><div class=\"vc_column-inner\"><div class=\"wpb_wrapper\"><div class=\"wpb_text_column\"><div class=\"wpb_wrapper\"><h2 style=\"text-align: justify;\"><b>Se eu n\u00e3o quiser operar as varizes, existem outras op\u00e7\u00f5es de tratamento?<\/b><\/h2>\n<p style=\"text-align: justify;\"><span style=\"font-weight: 400;\">Sim, al\u00e9m da cirurgia, existem op\u00e7\u00f5es como escleroterapia, crioesclerose, espuma densa e laser. A escolha depende do caso e pode ser discutida com o m\u00e9dico.<\/span><\/p>\n<\/div><\/div><\/div><\/div><\/div><\/div><\/div><\/div><\/div><\/div><\/div><\/section><section class=\"l-section wpb_row height_large color_alternate\" id=\"atencao\"><div class=\"l-section-overlay\" style=\"background:var(--color-header-top-bg)\"><\/div><div class=\"l-section-h i-cf\"><div class=\"g-cols vc_row via_flex valign_top type_default stacking_default\"><div class=\"vc_col-sm-12 wpb_column vc_column_container\"><div class=\"vc_column-inner\"><div class=\"wpb_wrapper\"><div class=\"g-cols wpb_row via_flex valign_top type_default stacking_default\"><div class=\"vc_col-sm-12 wpb_column vc_column_container\"><div class=\"vc_column-inner\"><div class=\"wpb_wrapper\"><div class=\"wpb_text_column us_custom_6df4bc3a has_text_color\"><div class=\"wpb_wrapper\"><h3><strong>Lembre-se: essas informa\u00e7\u00f5es s\u00e3o gerais e n\u00e3o substituem a consulta com o angiologista e cirurgi\u00e3o vascular. Discuta com seu m\u00e9dico para decis\u00f5es personalizadas sobre seu tratamento.<\/strong><\/h3>\n<\/div><\/div><\/div><\/div><\/div><\/div><\/div><\/div><\/div><\/div><\/div><\/section><section class=\"l-section wpb_row height_auto\"><div class=\"l-section-h i-cf\"><div class=\"g-cols vc_row via_flex valign_top type_default stacking_default\"><div class=\"vc_col-sm-12 wpb_column vc_column_container\"><div class=\"vc_column-inner\"><div class=\"wpb_wrapper\"><div class=\"w-separator size_custom\" style=\"height:10px\"><\/div><\/div><\/div><\/div><\/div><\/div><\/section>\n","protected":false},"excerpt":{"rendered":"Cirurgia de Varizes: O que voc\u00ea precisa saber?A cirurgia \u00e9 obrigat\u00f3ria para mim? N\u00e3o, a cirurgia n\u00e3o \u00e9 imperativa na maioria dos casos. Geralmente, \u00e9 recomendada em situa\u00e7\u00f5es espec\u00edficas, como varizes volumosas ou quando sintomas persistem apesar do tratamento cl\u00ednico bem-sucedido. Quais complica\u00e7\u00f5es podem surgir se as varizes n\u00e3o forem tratadas? Varizes n\u00e3o tratadas podem...","protected":false},"author":1,"featured_media":28997,"parent":0,"menu_order":0,"comment_status":"closed","ping_status":"closed","template":"","meta":{"footnotes":""},"class_list":["post-80","page","type-page","status-publish","has-post-thumbnail","hentry"],"_links":{"self":[{"href":"https:\/\/angiomedi.com.br\/home\/wp-json\/wp\/v2\/pages\/80","targetHints":{"allow":["GET"]}}],"collection":[{"href":"https:\/\/angiomedi.com.br\/home\/wp-json\/wp\/v2\/pages"}],"about":[{"href":"https:\/\/angiomedi.com.br\/home\/wp-json\/wp\/v2\/types\/page"}],"author":[{"embeddable":true,"href":"https:\/\/angiomedi.com.br\/home\/wp-json\/wp\/v2\/users\/1"}],"replies":[{"embeddable":true,"href":"https:\/\/angiomedi.com.br\/home\/wp-json\/wp\/v2\/comments?post=80"}],"version-history":[{"count":25,"href":"https:\/\/angiomedi.com.br\/home\/wp-json\/wp\/v2\/pages\/80\/revisions"}],"predecessor-version":[{"id":29239,"href":"https:\/\/angiomedi.com.br\/home\/wp-json\/wp\/v2\/pages\/80\/revisions\/29239"}],"wp:featuredmedia":[{"embeddable":true,"href":"https:\/\/angiomedi.com.br\/home\/wp-json\/wp\/v2\/media\/28997"}],"wp:attachment":[{"href":"https:\/\/angiomedi.com.br\/home\/wp-json\/wp\/v2\/media?parent=80"}],"curies":[{"name":"wp","href":"https:\/\/api.w.org\/{rel}","templated":true}]}}